{"id":705,"date":"2018-10-29T10:43:21","date_gmt":"2018-10-29T09:43:21","guid":{"rendered":"https:\/\/www.bosstimerkovo.cz\/?page_id=705"},"modified":"2018-10-29T15:18:45","modified_gmt":"2018-10-29T14:18:45","slug":"cutting","status":"publish","type":"page","link":"https:\/\/www.bosstimerkovo.cz\/en\/service-offer\/cutting\/","title":{"rendered":"Cutting"},"content":{"rendered":"<div class=\"row\">\n<div class=\"col-sm-7\">\n<h2>TRUMF TRAUMATIC cutting press<\/h2>\n<ul class=\"seznam-obrazkovy\">\n<li>We cut and creating sheet metal parts to a&nbsp;thickness of 6.4&nbsp;mm<\/li>\n<li>Working range 2500 x 1250&nbsp;mm<\/li>\n<\/ul><\/div>\n<div class=\"col-sm-5\">\n<div class=\"clearfix visible-xs\">&nbsp;<\/div>\n<p>\t\t<img loading=\"lazy\" decoding=\"async\" src=\"https:\/\/www.bosstimerkovo.cz\/wp-content\/uploads\/2018\/04\/vysekavani-500x290.jpg\" alt=\"TRUMF TRAUMATIC cutting press\" width=\"500\" height=\"290\" class=\"img-responsive center-block size-medium wp-image-575\" srcset=\"https:\/\/www.bosstimerkovo.cz\/wp-content\/uploads\/2018\/04\/vysekavani-500x290.jpg 500w, https:\/\/www.bosstimerkovo.cz\/wp-content\/uploads\/2018\/04\/vysekavani-300x174.jpg 300w, https:\/\/www.bosstimerkovo.cz\/wp-content\/uploads\/2018\/04\/vysekavani-768x446.jpg 768w, https:\/\/www.bosstimerkovo.cz\/wp-content\/uploads\/2018\/04\/vysekavani.jpg 867w\" sizes=\"auto, (max-width: 500px) 100vw, 500px\" \/>\n\t<\/div>\n<\/div>\n<div class=\"clearfix\">&nbsp;<\/div>\n<hr>\n<div class=\"clearfix\">&nbsp;<\/div>\n<div class=\"row\">\n<div class=\"col-xs-12\"><div id=\"black-studio-tinymce-11\" class=\"widget widget_black_studio_tinymce amr_widget\"><div class=\"textwidget\"><div class=\"col-xs-12\">\r\n<div class=\"row formular-bg\">\r\n<div class=\"col-xs-12\">\r\n<h2 id=\"poptavka\" class=\"col-xs-12 text-center\">Are you interested in our services? Write us a non-binding request<\/h2>\r\n<div class=\"col-sm-4\">\r\n<div class=\"col-xs-12 osoba\">\r\n<img loading=\"lazy\" decoding=\"async\" src=\"https:\/\/www.bosstimerkovo.cz\/wp-content\/uploads\/2019\/05\/logo-bosstimmer.png\" alt=\"logo-bosstimmer\" width=\"250\" height=\"62\" class=\"img-responsive center-block wp-image-955\" \/><p class=\"text-center\">Call us or send a request online.<\/p><p class=\"mobil text-center\"><i class=\"fa fa-phone\"><\/i> +420 775 007 592<\/p><\/div>\r\n<div class=\"clearfix visible-xs\"><\/div>\r\n<\/div>\r\n<div class=\"col-sm-8\">\n<div class=\"wpcf7 no-js\" id=\"wpcf7-f782-o1\" lang=\"cs-CZ\" dir=\"ltr\">\n<div class=\"screen-reader-response\"><p role=\"status\" aria-live=\"polite\" aria-atomic=\"true\"><\/p> <ul><\/ul><\/div>\n<form action=\"\/en\/wp-json\/wp\/v2\/pages\/705#wpcf7-f782-o1\" method=\"post\" class=\"wpcf7-form init form-horizontal\" aria-label=\"Kontaktn\u00ed formul\u00e1\u0159\" novalidate=\"novalidate\" data-status=\"init\">\n<div style=\"display: none;\">\n<input type=\"hidden\" name=\"_wpcf7\" value=\"782\" \/>\n<input type=\"hidden\" name=\"_wpcf7_version\" value=\"5.8.1\" \/>\n<input type=\"hidden\" name=\"_wpcf7_locale\" value=\"cs_CZ\" \/>\n<input type=\"hidden\" name=\"_wpcf7_unit_tag\" value=\"wpcf7-f782-o1\" \/>\n<input type=\"hidden\" name=\"_wpcf7_container_post\" value=\"0\" \/>\n<input type=\"hidden\" name=\"_wpcf7_posted_data_hash\" value=\"\" \/>\n<\/div>\n<div class=\"form-group your-subject\"><label class=\" control-label col-sm-3\" for=\"zamknute\">Service <span class=\"required\">*<\/span><\/label><div class=\"col-sm-9\"><input class=\"wpcf7-form-control wpcf7-text wpcf7-validates-as-required form-control\" id=\"zamknute\" name=\"your-subject\" type=\"text\" value=\"\" aria-invalid=\"false\" aria-required=\"true\" required><\/div><\/div>\n<div class=\"form-group your-name\"><label class=\" control-label col-sm-3\">Name<\/label><div class=\"col-sm-9\"><input class=\"wpcf7-form-control wpcf7-text form-control\" name=\"your-name\" type=\"text\" value=\"\" aria-invalid=\"false\"><\/div><\/div>\n<div class=\"form-group your-email\"><label class=\" control-label col-sm-3\">E-mail <span class=\"required\">*<\/span><\/label><div class=\"col-sm-9\"><input class=\"wpcf7-form-control wpcf7-email wpcf7-validates-as-required wpcf7-text wpcf7-validates-as-email form-control\" name=\"your-email\" type=\"email\" value=\"\" aria-invalid=\"false\" aria-required=\"true\" required><\/div><\/div>\n<div class=\"form-group phone\"><label class=\" control-label col-sm-3\">Phone<\/label><div class=\"col-sm-9\"><input class=\"wpcf7-form-control wpcf7-tel wpcf7-text wpcf7-validates-as-tel form-control\" name=\"phone\" type=\"tel\" value=\"\" aria-invalid=\"false\"><\/div><\/div>\n<div class=\"form-group your-message\"><label class=\" control-label col-sm-3\">Message <span class=\"required\">*<\/span><\/label><div class=\"col-sm-9\"><textarea class=\"wpcf7-form-control wpcf7-textarea wpcf7-validates-as-required form-control\" name=\"your-message\" rows=\"4\" aria-invalid=\"false\" aria-required=\"true\" required><\/textarea><\/div><\/div>\n<!-- <div class=\"form-group\">\n <label class=\"control-label col-sm-3\"><\/label>\n <div class=\"col-sm-9\">[recaptcha]<\/div>\n<\/div> -->\n<span id=\"wpcf7-69f22c5b23a42-wrapper\" class=\"wpcf7-form-control-wrap City-wrap\" style=\"display:none !important; visibility:hidden !important;\"><label for=\"wpcf7-69f22c5b23a42-field\" class=\"hp-message\">Ponechte toto pole pr\u00e1zdn\u00e9.<\/label><input id=\"wpcf7-69f22c5b23a42-field\"  class=\"wpcf7-form-control wpcf7-text\" type=\"text\" name=\"City\" value=\"\" size=\"40\" tabindex=\"-1\" autocomplete=\"new-password\" \/><\/span>\n<div class=\"form-group\"><div class=\"col-sm-9 col-sm-offset-3\"><input class=\"wpcf7-form-control wpcf7-submit btn btn-danger btn-lg\" type=\"submit\" value=\"Send message\"><\/div><\/div><div class=\"wpcf7-response-output alert alert-warning\"><\/div>\n<\/form>\n<\/div>\n<\/div>\r\n<\/div>\r\n<\/div>\r\n<\/div>\r\n<div class=\"clearfix\">&nbsp;<\/div><\/div><\/div><\/div>\n<\/div>\n","protected":false},"excerpt":{"rendered":"<p>TRUMF TRAUMATIC cutting press We cut and creating sheet metal parts to a&nbsp;thickness of 6.4&nbsp;mm Working range 2500 x 1250&nbsp;mm &nbsp; &nbsp; &nbsp;<\/p>\n","protected":false},"author":1,"featured_media":0,"parent":697,"menu_order":0,"comment_status":"closed","ping_status":"closed","template":"","meta":{"footnotes":""},"class_list":["post-705","page","type-page","status-publish","hentry"],"yoast_head":"<!-- This site is optimized with the Yoast SEO plugin v21.4 - https:\/\/yoast.com\/wordpress\/plugins\/seo\/ -->\n<title>Cutting - BossTimer - Divize kovov\u00fdroby<\/title>\n<meta name=\"description\" content=\"TRUMF TRAUMATIC cutting press We cut and creating sheet metal parts to a thickness of 6.4 mm Working range 2500 x 1250 mm &nbsp; &nbsp;\" \/>\n<meta name=\"robots\" content=\"index, follow, max-snippet:-1, max-image-preview:large, max-video-preview:-1\" \/>\n<link rel=\"canonical\" href=\"https:\/\/www.bosstimerkovo.cz\/en\/service-offer\/cutting\/\" \/>\n<meta property=\"og:locale\" content=\"en_US\" \/>\n<meta property=\"og:type\" content=\"article\" \/>\n<meta property=\"og:title\" content=\"Cutting - BossTimer - Divize kovov\u00fdroby\" \/>\n<meta property=\"og:description\" content=\"TRUMF TRAUMATIC cutting press We cut and creating sheet metal parts to a thickness of 6.4 mm Working range 2500 x 1250 mm &nbsp; &nbsp;\" \/>\n<meta property=\"og:url\" content=\"https:\/\/www.bosstimerkovo.cz\/en\/service-offer\/cutting\/\" \/>\n<meta property=\"og:site_name\" content=\"BossTimer - Divize kovov\u00fdroby\" \/>\n<meta property=\"article:modified_time\" content=\"2018-10-29T14:18:45+00:00\" \/>\n<meta property=\"og:image\" content=\"https:\/\/www.bosstimerkovo.cz\/wp-content\/uploads\/2018\/04\/vysekavani-500x290.jpg\" \/>\n<meta name=\"twitter:card\" content=\"summary_large_image\" \/>\n<script type=\"application\/ld+json\" class=\"yoast-schema-graph\">{\"@context\":\"https:\/\/schema.org\",\"@graph\":[{\"@type\":\"WebPage\",\"@id\":\"https:\/\/www.bosstimerkovo.cz\/en\/service-offer\/cutting\/\",\"url\":\"https:\/\/www.bosstimerkovo.cz\/en\/service-offer\/cutting\/\",\"name\":\"Cutting - BossTimer - Divize kovov\u00fdroby\",\"isPartOf\":{\"@id\":\"https:\/\/www.bosstimerkovo.cz\/#website\"},\"datePublished\":\"2018-10-29T09:43:21+00:00\",\"dateModified\":\"2018-10-29T14:18:45+00:00\",\"description\":\"TRUMF TRAUMATIC cutting press We cut and creating sheet metal parts to a thickness of 6.4 mm Working range 2500 x 1250 mm &nbsp; &nbsp;\",\"breadcrumb\":{\"@id\":\"https:\/\/www.bosstimerkovo.cz\/en\/service-offer\/cutting\/#breadcrumb\"},\"inLanguage\":\"en-US\",\"potentialAction\":[{\"@type\":\"ReadAction\",\"target\":[\"https:\/\/www.bosstimerkovo.cz\/en\/service-offer\/cutting\/\"]}]},{\"@type\":\"BreadcrumbList\",\"@id\":\"https:\/\/www.bosstimerkovo.cz\/en\/service-offer\/cutting\/#breadcrumb\",\"itemListElement\":[{\"@type\":\"ListItem\",\"position\":1,\"name\":\"\u00davod\",\"item\":\"https:\/\/www.bosstimerkovo.cz\/en\/\"},{\"@type\":\"ListItem\",\"position\":2,\"name\":\"Service offer\",\"item\":\"https:\/\/www.bosstimerkovo.cz\/en\/service-offer\/\"},{\"@type\":\"ListItem\",\"position\":3,\"name\":\"Cutting\"}]},{\"@type\":\"WebSite\",\"@id\":\"https:\/\/www.bosstimerkovo.cz\/#website\",\"url\":\"https:\/\/www.bosstimerkovo.cz\/\",\"name\":\"BossTimer - Divize kovov\u00fdroby\",\"description\":\"Zak\u00e1zkov\u00e1 a s\u00e9riov\u00e1 kovov\u00fdroba\",\"potentialAction\":[{\"@type\":\"SearchAction\",\"target\":{\"@type\":\"EntryPoint\",\"urlTemplate\":\"https:\/\/www.bosstimerkovo.cz\/?s={search_term_string}\"},\"query-input\":\"required name=search_term_string\"}],\"inLanguage\":\"en-US\"}]}<\/script>\n<!-- \/ Yoast SEO plugin. -->","yoast_head_json":{"title":"Cutting - BossTimer - Divize kovov\u00fdroby","description":"TRUMF TRAUMATIC cutting press We cut and creating sheet metal parts to a thickness of 6.4 mm Working range 2500 x 1250 mm &nbsp; &nbsp;","robots":{"index":"index","follow":"follow","max-snippet":"max-snippet:-1","max-image-preview":"max-image-preview:large","max-video-preview":"max-video-preview:-1"},"canonical":"https:\/\/www.bosstimerkovo.cz\/en\/service-offer\/cutting\/","og_locale":"en_US","og_type":"article","og_title":"Cutting - BossTimer - Divize kovov\u00fdroby","og_description":"TRUMF TRAUMATIC cutting press We cut and creating sheet metal parts to a thickness of 6.4 mm Working range 2500 x 1250 mm &nbsp; &nbsp;","og_url":"https:\/\/www.bosstimerkovo.cz\/en\/service-offer\/cutting\/","og_site_name":"BossTimer - Divize kovov\u00fdroby","article_modified_time":"2018-10-29T14:18:45+00:00","og_image":[{"url":"https:\/\/www.bosstimerkovo.cz\/wp-content\/uploads\/2018\/04\/vysekavani-500x290.jpg"}],"twitter_card":"summary_large_image","schema":{"@context":"https:\/\/schema.org","@graph":[{"@type":"WebPage","@id":"https:\/\/www.bosstimerkovo.cz\/en\/service-offer\/cutting\/","url":"https:\/\/www.bosstimerkovo.cz\/en\/service-offer\/cutting\/","name":"Cutting - BossTimer - Divize kovov\u00fdroby","isPartOf":{"@id":"https:\/\/www.bosstimerkovo.cz\/#website"},"datePublished":"2018-10-29T09:43:21+00:00","dateModified":"2018-10-29T14:18:45+00:00","description":"TRUMF TRAUMATIC cutting press We cut and creating sheet metal parts to a thickness of 6.4 mm Working range 2500 x 1250 mm &nbsp; &nbsp;","breadcrumb":{"@id":"https:\/\/www.bosstimerkovo.cz\/en\/service-offer\/cutting\/#breadcrumb"},"inLanguage":"en-US","potentialAction":[{"@type":"ReadAction","target":["https:\/\/www.bosstimerkovo.cz\/en\/service-offer\/cutting\/"]}]},{"@type":"BreadcrumbList","@id":"https:\/\/www.bosstimerkovo.cz\/en\/service-offer\/cutting\/#breadcrumb","itemListElement":[{"@type":"ListItem","position":1,"name":"\u00davod","item":"https:\/\/www.bosstimerkovo.cz\/en\/"},{"@type":"ListItem","position":2,"name":"Service offer","item":"https:\/\/www.bosstimerkovo.cz\/en\/service-offer\/"},{"@type":"ListItem","position":3,"name":"Cutting"}]},{"@type":"WebSite","@id":"https:\/\/www.bosstimerkovo.cz\/#website","url":"https:\/\/www.bosstimerkovo.cz\/","name":"BossTimer - Divize kovov\u00fdroby","description":"Zak\u00e1zkov\u00e1 a s\u00e9riov\u00e1 kovov\u00fdroba","potentialAction":[{"@type":"SearchAction","target":{"@type":"EntryPoint","urlTemplate":"https:\/\/www.bosstimerkovo.cz\/?s={search_term_string}"},"query-input":"required name=search_term_string"}],"inLanguage":"en-US"}]}},"_links":{"self":[{"href":"https:\/\/www.bosstimerkovo.cz\/en\/wp-json\/wp\/v2\/pages\/705","targetHints":{"allow":["GET"]}}],"collection":[{"href":"https:\/\/www.bosstimerkovo.cz\/en\/wp-json\/wp\/v2\/pages"}],"about":[{"href":"https:\/\/www.bosstimerkovo.cz\/en\/wp-json\/wp\/v2\/types\/page"}],"author":[{"embeddable":true,"href":"https:\/\/www.bosstimerkovo.cz\/en\/wp-json\/wp\/v2\/users\/1"}],"replies":[{"embeddable":true,"href":"https:\/\/www.bosstimerkovo.cz\/en\/wp-json\/wp\/v2\/comments?post=705"}],"version-history":[{"count":2,"href":"https:\/\/www.bosstimerkovo.cz\/en\/wp-json\/wp\/v2\/pages\/705\/revisions"}],"predecessor-version":[{"id":784,"href":"https:\/\/www.bosstimerkovo.cz\/en\/wp-json\/wp\/v2\/pages\/705\/revisions\/784"}],"up":[{"embeddable":true,"href":"https:\/\/www.bosstimerkovo.cz\/en\/wp-json\/wp\/v2\/pages\/697"}],"wp:attachment":[{"href":"https:\/\/www.bosstimerkovo.cz\/en\/wp-json\/wp\/v2\/media?parent=705"}],"curies":[{"name":"wp","href":"https:\/\/api.w.org\/{rel}","templated":true}]}}