{"id":697,"date":"2018-10-29T10:28:05","date_gmt":"2018-10-29T09:28:05","guid":{"rendered":"https:\/\/www.bosstimerkovo.cz\/?page_id=697"},"modified":"2018-10-29T10:32:45","modified_gmt":"2018-10-29T09:32:45","slug":"service-offer","status":"publish","type":"page","link":"https:\/\/www.bosstimerkovo.cz\/en\/service-offer\/","title":{"rendered":"Service offer"},"content":{"rendered":"<p>With software and machinery, we\u2019re able to produce prototypes quickly according to customer requirements.<\/p>\n<ul class=\"seznam-obrazkovy\">\n<li>We offer custom and serial production (express production)<\/li>\n<li>We\u2019re able to create a&nbsp;3D model according to the customer&#8217;s&nbsp;wishes and process drawn documentation<\/li>\n<li>We offer serial production thanks to machine background, technology and electronic order tracking system<\/li>\n<li>We\u2019re a&nbsp;partner for large series production<\/li>\n<li>We offer assembly and installation of our products to our customers<\/li>\n<\/ul>\n<div id=\"custom_html-3\" class=\"widget_text widget widget_custom_html amr_widget\"><div class=\"textwidget custom-html-widget\"><hr>\r\n<div class=\"row flex-container\">\r\n<div class=\"col-md-3 col-sm-6\" data-aos=\"flip-up\" data-aos-delay=\"100\">\r\n<div class=\"text-center rozcestnik rozcestnik-sluzby\"><a title=\"Laser cutting\" href=\"https:\/\/www.bosstimerkovo.cz\/en\/service-offer\/laser-cutting\/\"><h2 class=\"h3\">Laser cutting<\/h2><\/a>\r\n<\/div>\r\n<\/div>\r\n<div class=\"col-md-3 col-sm-6\" data-aos=\"flip-up\" data-aos-delay=\"200\">\r\n<div class=\"text-center rozcestnik rozcestnik-sluzby\"><a title=\"Cutting\" href=\"https:\/\/www.bosstimerkovo.cz\/en\/service-offer\/cutting\/\"><h2 class=\"h3\">Cutting<\/h2><\/a>\r\n<\/div>\r\n<\/div>\r\n<div class=\"col-md-3 col-sm-6\" data-aos=\"flip-up\" data-aos-delay=\"300\">\r\n<div class=\"text-center rozcestnik rozcestnik-sluzby\"><a title=\"Bending\" href=\"https:\/\/www.bosstimerkovo.cz\/en\/service-offer\/bending\/\"><h2 class=\"h3\">Bending<\/h2><\/a>\r\n<\/div>\r\n<\/div>\r\n<div class=\"col-md-3 col-sm-6\" data-aos=\"flip-up\" data-aos-delay=\"400\">\r\n<div class=\"text-center rozcestnik rozcestnik-sluzby\"><a title=\"Metalworking\" href=\"https:\/\/www.bosstimerkovo.cz\/en\/service-offer\/metalworking\/\"><h2 class=\"h3\">Metalworking<\/h2><\/a>\r\n<\/div>\r\n<\/div>\r\n<div class=\"col-md-3 col-sm-6\" data-aos=\"flip-up\" data-aos-delay=\"400\">\r\n<div class=\"text-center rozcestnik rozcestnik-sluzby\"><a title=\"Blasting\" href=\"https:\/\/www.bosstimerkovo.cz\/en\/service-offer\/blasting\/\"><h2 class=\"h3\">Blasting<\/h2><\/a>\r\n<\/div>\r\n<\/div>\r\n<div class=\"col-md-3 col-sm-6\" data-aos=\"flip-up\" data-aos-delay=\"400\">\r\n<div class=\"text-center rozcestnik rozcestnik-sluzby\"><a title=\"Powder Coating\" href=\"https:\/\/www.bosstimerkovo.cz\/en\/service-offer\/powder-coating\/\"><h2 class=\"h3\">Powder Coating<\/h2><\/a>\r\n<\/div>\r\n<\/div>\r\n<\/div>\r\n<hr><\/div><\/div>\n","protected":false},"excerpt":{"rendered":"<p>With software and machinery, we\u2019re able to produce prototypes quickly according to customer requirements. We offer custom and serial production (express production) We\u2019re able to create a&nbsp;3D model according to the customer&#8217;s&nbsp;wishes and process drawn documentation We offer serial production thanks to machine background, technology and electronic order tracking system We\u2019re a&nbsp;partner for large series &hellip;<\/p>\n","protected":false},"author":1,"featured_media":0,"parent":0,"menu_order":0,"comment_status":"closed","ping_status":"closed","template":"page-templates\/template-full-width-nobreadcrumb.php","meta":{"footnotes":""},"class_list":["post-697","page","type-page","status-publish","hentry"],"yoast_head":"<!-- This site is optimized with the Yoast SEO plugin v21.4 - https:\/\/yoast.com\/wordpress\/plugins\/seo\/ -->\n<title>Service offer - BossTimer - Divize kovov\u00fdroby<\/title>\n<meta name=\"description\" content=\"With software and machinery, we\u2019re able to produce prototypes quickly according to customer requirements. We offer custom and serial production (express\" \/>\n<meta name=\"robots\" content=\"index, follow, max-snippet:-1, max-image-preview:large, max-video-preview:-1\" \/>\n<link rel=\"canonical\" href=\"https:\/\/www.bosstimerkovo.cz\/en\/service-offer\/\" \/>\n<meta property=\"og:locale\" content=\"en_US\" \/>\n<meta property=\"og:type\" content=\"article\" \/>\n<meta property=\"og:title\" content=\"Service offer - BossTimer - Divize kovov\u00fdroby\" \/>\n<meta property=\"og:description\" content=\"With software and machinery, we\u2019re able to produce prototypes quickly according to customer requirements. We offer custom and serial production (express\" \/>\n<meta property=\"og:url\" content=\"https:\/\/www.bosstimerkovo.cz\/en\/service-offer\/\" \/>\n<meta property=\"og:site_name\" content=\"BossTimer - Divize kovov\u00fdroby\" \/>\n<meta property=\"article:modified_time\" content=\"2018-10-29T09:32:45+00:00\" \/>\n<meta name=\"twitter:card\" content=\"summary_large_image\" \/>\n<script type=\"application\/ld+json\" class=\"yoast-schema-graph\">{\"@context\":\"https:\/\/schema.org\",\"@graph\":[{\"@type\":\"WebPage\",\"@id\":\"https:\/\/www.bosstimerkovo.cz\/en\/service-offer\/\",\"url\":\"https:\/\/www.bosstimerkovo.cz\/en\/service-offer\/\",\"name\":\"Service offer - BossTimer - Divize kovov\u00fdroby\",\"isPartOf\":{\"@id\":\"https:\/\/www.bosstimerkovo.cz\/#website\"},\"datePublished\":\"2018-10-29T09:28:05+00:00\",\"dateModified\":\"2018-10-29T09:32:45+00:00\",\"description\":\"With software and machinery, we\u2019re able to produce prototypes quickly according to customer requirements. We offer custom and serial production (express\",\"breadcrumb\":{\"@id\":\"https:\/\/www.bosstimerkovo.cz\/en\/service-offer\/#breadcrumb\"},\"inLanguage\":\"en-US\",\"potentialAction\":[{\"@type\":\"ReadAction\",\"target\":[\"https:\/\/www.bosstimerkovo.cz\/en\/service-offer\/\"]}]},{\"@type\":\"BreadcrumbList\",\"@id\":\"https:\/\/www.bosstimerkovo.cz\/en\/service-offer\/#breadcrumb\",\"itemListElement\":[{\"@type\":\"ListItem\",\"position\":1,\"name\":\"\u00davod\",\"item\":\"https:\/\/www.bosstimerkovo.cz\/en\/\"},{\"@type\":\"ListItem\",\"position\":2,\"name\":\"Service offer\"}]},{\"@type\":\"WebSite\",\"@id\":\"https:\/\/www.bosstimerkovo.cz\/#website\",\"url\":\"https:\/\/www.bosstimerkovo.cz\/\",\"name\":\"BossTimer - Divize kovov\u00fdroby\",\"description\":\"Zak\u00e1zkov\u00e1 a s\u00e9riov\u00e1 kovov\u00fdroba\",\"potentialAction\":[{\"@type\":\"SearchAction\",\"target\":{\"@type\":\"EntryPoint\",\"urlTemplate\":\"https:\/\/www.bosstimerkovo.cz\/?s={search_term_string}\"},\"query-input\":\"required name=search_term_string\"}],\"inLanguage\":\"en-US\"}]}<\/script>\n<!-- \/ Yoast SEO plugin. -->","yoast_head_json":{"title":"Service offer - BossTimer - Divize kovov\u00fdroby","description":"With software and machinery, we\u2019re able to produce prototypes quickly according to customer requirements. We offer custom and serial production (express","robots":{"index":"index","follow":"follow","max-snippet":"max-snippet:-1","max-image-preview":"max-image-preview:large","max-video-preview":"max-video-preview:-1"},"canonical":"https:\/\/www.bosstimerkovo.cz\/en\/service-offer\/","og_locale":"en_US","og_type":"article","og_title":"Service offer - BossTimer - Divize kovov\u00fdroby","og_description":"With software and machinery, we\u2019re able to produce prototypes quickly according to customer requirements. We offer custom and serial production (express","og_url":"https:\/\/www.bosstimerkovo.cz\/en\/service-offer\/","og_site_name":"BossTimer - Divize kovov\u00fdroby","article_modified_time":"2018-10-29T09:32:45+00:00","twitter_card":"summary_large_image","schema":{"@context":"https:\/\/schema.org","@graph":[{"@type":"WebPage","@id":"https:\/\/www.bosstimerkovo.cz\/en\/service-offer\/","url":"https:\/\/www.bosstimerkovo.cz\/en\/service-offer\/","name":"Service offer - BossTimer - Divize kovov\u00fdroby","isPartOf":{"@id":"https:\/\/www.bosstimerkovo.cz\/#website"},"datePublished":"2018-10-29T09:28:05+00:00","dateModified":"2018-10-29T09:32:45+00:00","description":"With software and machinery, we\u2019re able to produce prototypes quickly according to customer requirements. We offer custom and serial production (express","breadcrumb":{"@id":"https:\/\/www.bosstimerkovo.cz\/en\/service-offer\/#breadcrumb"},"inLanguage":"en-US","potentialAction":[{"@type":"ReadAction","target":["https:\/\/www.bosstimerkovo.cz\/en\/service-offer\/"]}]},{"@type":"BreadcrumbList","@id":"https:\/\/www.bosstimerkovo.cz\/en\/service-offer\/#breadcrumb","itemListElement":[{"@type":"ListItem","position":1,"name":"\u00davod","item":"https:\/\/www.bosstimerkovo.cz\/en\/"},{"@type":"ListItem","position":2,"name":"Service offer"}]},{"@type":"WebSite","@id":"https:\/\/www.bosstimerkovo.cz\/#website","url":"https:\/\/www.bosstimerkovo.cz\/","name":"BossTimer - Divize kovov\u00fdroby","description":"Zak\u00e1zkov\u00e1 a s\u00e9riov\u00e1 kovov\u00fdroba","potentialAction":[{"@type":"SearchAction","target":{"@type":"EntryPoint","urlTemplate":"https:\/\/www.bosstimerkovo.cz\/?s={search_term_string}"},"query-input":"required name=search_term_string"}],"inLanguage":"en-US"}]}},"_links":{"self":[{"href":"https:\/\/www.bosstimerkovo.cz\/en\/wp-json\/wp\/v2\/pages\/697","targetHints":{"allow":["GET"]}}],"collection":[{"href":"https:\/\/www.bosstimerkovo.cz\/en\/wp-json\/wp\/v2\/pages"}],"about":[{"href":"https:\/\/www.bosstimerkovo.cz\/en\/wp-json\/wp\/v2\/types\/page"}],"author":[{"embeddable":true,"href":"https:\/\/www.bosstimerkovo.cz\/en\/wp-json\/wp\/v2\/users\/1"}],"replies":[{"embeddable":true,"href":"https:\/\/www.bosstimerkovo.cz\/en\/wp-json\/wp\/v2\/comments?post=697"}],"version-history":[{"count":2,"href":"https:\/\/www.bosstimerkovo.cz\/en\/wp-json\/wp\/v2\/pages\/697\/revisions"}],"predecessor-version":[{"id":700,"href":"https:\/\/www.bosstimerkovo.cz\/en\/wp-json\/wp\/v2\/pages\/697\/revisions\/700"}],"wp:attachment":[{"href":"https:\/\/www.bosstimerkovo.cz\/en\/wp-json\/wp\/v2\/media?parent=697"}],"curies":[{"name":"wp","href":"https:\/\/api.w.org\/{rel}","templated":true}]}}