{"id":655,"date":"2016-12-29T10:26:37","date_gmt":"2016-12-29T09:26:37","guid":{"rendered":"https:\/\/www.bosstimerkovo.cz\/kontakt\/"},"modified":"2026-02-26T21:35:15","modified_gmt":"2026-02-26T20:35:15","slug":"contact","status":"publish","type":"page","link":"https:\/\/www.bosstimerkovo.cz\/en\/contact\/","title":{"rendered":"Contact"},"content":{"rendered":"<div class=\"row\">\n<div class=\"col-md-6\">\n<table class=\"table\">\n<tbody>\n<tr class=\"danger\">\n<th colspan=\"2\">Billing address<\/th>\n<\/tr>\n<tr>\n<td rowspan=\"3\">Address:<\/td>\n<td>BOSS TIMER, spol. s&nbsp;r.o.<\/td>\n<\/tr>\n<tr>\n<td>Holzova 2887\/10b<\/td>\n<\/tr>\n<tr>\n<td>628&nbsp;00 Brno- L\u00ed\u0161e\u0148<\/td>\n<\/tr>\n<tr>\n<td>Company ID:<\/td>\n<td>25339923<\/td>\n<\/tr>\n<tr>\n<td>Tax ID:<\/td>\n<td>CZ25339923<\/td>\n<\/tr>\n<\/tbody>\n<\/table>\n<table class=\"table\" style=\"width: 24.9984%;\">\n<tbody>\n<tr class=\"danger\">\n<th style=\"width: 96.8504%;\" colspan=\"2\">Contacts<\/th>\n<\/tr>\n<tr class=\"telefon\">\n<td style=\"width: 34.6457%;\"><strong>Phone:<\/strong><\/td>\n<td style=\"width: 62.2047%;\"><a href=\"tel:+420775007592\">+420&nbsp;605&nbsp;406&nbsp;943<\/a><\/td>\n<\/tr>\n<tr>\n<td style=\"width: 34.6457%;\"><strong>E-mail:<\/strong><\/td>\n<td style=\"width: 62.2047%;\"><a href=\"mailto:kancelare@bosstimer.cz\">kancelar@bosstimer.cz<\/a><\/td>\n<\/tr>\n<\/tbody>\n<\/table>\n<table class=\"table\">\n<tbody>\n<tr class=\"danger\">\n<th colspan=\"3\">Operating hours &#8211; receipt\/delivery of material and goods<\/th>\n<\/tr>\n<tr>\n<td>Monday &#8211; Friday<\/td>\n<td>7:00 &#8211; 11:30&nbsp;h<\/td>\n<td>12:30 &#8211; 11:30&nbsp;h<\/td>\n<\/tr>\n<\/tbody>\n<\/table>\n<\/div>\n<div class=\"col-md-6\">\n<table class=\"table\">\n<tbody>\n<tr class=\"danger\">\n<th colspan=\"2\">Production<\/th>\n<\/tr>\n<tr>\n<td rowspan=\"3\">Address:<\/td>\n<td>BOSS TIMER, spol. s&nbsp;r.o.<\/td>\n<\/tr>\n<tr>\n<td>N\u00e1dra\u017en\u00ed 211<\/td>\n<\/tr>\n<tr>\n<td>503&nbsp;51 Chlumec nad Cidlinou<\/td>\n<\/tr>\n<\/tbody>\n<\/table>\n<div class=\"google-maps\"><iframe loading=\"lazy\" style=\"border: 0;\" src=\"https:\/\/www.google.com\/maps\/embed?pb=!1m18!1m12!1m3!1d653854.1717403437!2d15.253746293884138!3d50.19632788085062!2m3!1f0!2f0!3f0!3m2!1i1024!2i768!4f13.1!3m3!1m2!1s0x470c24a3bfda2bfb%3A0x10609d014b167b5f!2sBoss+Timer+s.+r.+o.!5e0!3m2!1scs!2scz!4v1522323861527\" width=\"100%\" height=\"380\" frameborder=\"0\" allowfullscreen=\"allowfullscreen\"><\/iframe><\/div>\n<\/div>\n<\/div>\n<div class=\"clearfix\"><\/div>\n<h2 class=\"text-center\">Contacts<\/h2>\n<div class=\"row\">\n<div class=\"col-md-4\">\n<table class=\"table\">\n<tbody>\n<tr class=\"danger\">\n<td class=\"text-center\" colspan=\"2\"><strong>Radoslav Paul<\/strong><\/td>\n<\/tr>\n<tr>\n<td class=\"text-center text-small\" colspan=\"2\">Production director<\/td>\n<\/tr>\n<tr class=\"telefon\">\n<td>Mobil:<\/td>\n<td><a href=\"tel:+420602779804\">+420&nbsp;602&nbsp;779&nbsp;804<\/a><\/td>\n<\/tr>\n<tr>\n<td>E-mail:<\/td>\n<td><a href=\"mailto:paul@bosstimer.cz\">paul@bosstimer.cz <\/a><\/td>\n<\/tr>\n<\/tbody>\n<\/table><\/div>\n<div class=\"col-md-4\">\n<table class=\"table\">\n<tbody>\n<tr class=\"danger\">\n<td class=\"text-center\" colspan=\"2\"><strong>Jana Veinlichov\u00e1<\/strong><\/td>\n<\/tr>\n<tr>\n<td class=\"text-center text-small\" colspan=\"2\">Sales, administration<\/td>\n<\/tr>\n<tr class=\"telefon\">\n<td>Mobil:<\/td>\n<td><a href=\"tel:+420734873370\">+420&nbsp;734&nbsp;873&nbsp;370<\/a><\/td>\n<\/tr>\n<tr>\n<td>E-mail:<\/td>\n<td><a href=\"mailto:kancelar@bosstimer.cz\">kancelar@bosstimer.cz <\/a><\/td>\n<\/tr>\n<\/tbody>\n<\/table><\/div>\n<div class=\"col-md-4\">\n<table class=\"table\">\n<tbody>\n<tr class=\"danger\">\n<td class=\"text-center\" colspan=\"2\"><strong>David \u010cejka<\/strong><\/td>\n<\/tr>\n<tr>\n<td class=\"text-center text-small\" colspan=\"2\">Price RFQs<\/td>\n<\/tr>\n<tr class=\"telefon\">\n<td>Mobil:<\/td>\n<td><a href=\"tel:+420608026601\">+420&nbsp;608&nbsp;026&nbsp;601<\/a><\/td>\n<\/tr>\n<tr>\n<td>E-mail:<\/td>\n<td><a href=\"mailto:david.cejka@bosstimer.cz\">david.cejka@bosstimer.cz<\/a><\/td>\n<\/tr>\n<\/tbody>\n<\/table><\/div>\n<div class=\"col-md-4\">\n<table class=\"table\">\n<tbody>\n<tr class=\"danger\">\n<td class=\"text-center\" colspan=\"2\"><strong>Milo\u0161 Kubiska<\/strong><\/td>\n<\/tr>\n<tr>\n<td class=\"text-center text-small\" colspan=\"2\">Production technical support<\/td>\n<\/tr>\n<tr class=\"telefon\">\n<td>Mobil:<\/td>\n<td><a href=\"tel:+420731923601\">+420&nbsp;731&nbsp;923&nbsp;601<\/a><\/td>\n<\/tr>\n<tr>\n<td>E-mail:<\/td>\n<td><a href=\"mailto:technik@bosstimer.cz\">technik@bosstimer.cz <\/a><\/td>\n<\/tr>\n<\/tbody>\n<\/table><\/div>\n<div class=\"col-md-4\">\n<table class=\"table\">\n<tbody>\n<tr class=\"danger\">\n<td class=\"text-center\" colspan=\"2\"><strong>Ond\u0159ej Ab\u00edk<\/strong><\/td>\n<\/tr>\n<tr>\n<td class=\"text-center text-small\" colspan=\"2\">Production coordinator<\/td>\n<\/tr>\n<tr class=\"telefon\">\n<td>Mobil:<\/td>\n<td><a href=\"tel:+420607974119\">+420&nbsp;607&nbsp;974&nbsp;119<\/a><\/td>\n<\/tr>\n<tr>\n<td>E-mail:<\/td>\n<td><a href=\"mailto:laser@bosstimer.cz\">laser@bosstimer.cz <\/a><\/td>\n<\/tr>\n<\/tbody>\n<\/table><\/div>\n<div class=\"col-md-4\">\n<table class=\"table\">\n<tbody>\n<tr class=\"danger\">\n<td class=\"text-center\" colspan=\"2\"><strong>Ji\u0159\u00ed Chovanec<\/strong><\/td>\n<\/tr>\n<tr>\n<td class=\"text-center text-small\" colspan=\"2\">Logistics, transportation<\/td>\n<\/tr>\n<tr class=\"telefon\">\n<td>Mobil:<\/td>\n<td><a href=\"tel:+420603326499\">+420&nbsp;603&nbsp;326&nbsp;499<\/a><\/td>\n<\/tr>\n<\/tbody>\n<\/table><\/div>\n<\/div>\n","protected":false},"excerpt":{"rendered":"<p>Billing address Address: BOSS TIMER, spol. s&nbsp;r.o. Holzova 2887\/10b 628&nbsp;00 Brno- L\u00ed\u0161e\u0148 Company ID: 25339923 Tax ID: CZ25339923 Contacts Phone: +420&nbsp;605&nbsp;406&nbsp;943 E-mail: kancelar@bosstimer.cz Operating hours &#8211; receipt\/delivery of material and goods Monday &#8211; Friday 7:00 &#8211; 11:30&nbsp;h 12:30 &#8211; 11:30&nbsp;h Production Address: BOSS TIMER, spol. s&nbsp;r.o. N\u00e1dra\u017en\u00ed 211&nbsp;503&nbsp;51 Chlumec nad Cidlinou Contacts Radoslav Paul &hellip;<\/p>\n","protected":false},"author":1,"featured_media":0,"parent":0,"menu_order":0,"comment_status":"closed","ping_status":"closed","template":"page-templates\/template-full-width-nobreadcrumb.php","meta":{"footnotes":""},"class_list":["post-655","page","type-page","status-publish","hentry"],"yoast_head":"<!-- This site is optimized with the Yoast SEO plugin v21.4 - https:\/\/yoast.com\/wordpress\/plugins\/seo\/ -->\n<title>Contact - BossTimer - Divize kovov\u00fdroby<\/title>\n<meta name=\"description\" content=\"Billing address Address: BOSS TIMER, spol. s r.o. Holzova 2887\/10b 628 00 Brno- L\u00ed\u0161e\u0148 Company ID: 25339923 Tax ID: CZ25339923 Contacts Phone: +420 605 406\" \/>\n<meta name=\"robots\" content=\"index, follow, max-snippet:-1, max-image-preview:large, max-video-preview:-1\" \/>\n<link rel=\"canonical\" href=\"https:\/\/www.bosstimerkovo.cz\/en\/contact\/\" \/>\n<meta property=\"og:locale\" content=\"en_US\" \/>\n<meta property=\"og:type\" content=\"article\" \/>\n<meta property=\"og:title\" content=\"Contact - BossTimer - Divize kovov\u00fdroby\" \/>\n<meta property=\"og:description\" content=\"Billing address Address: BOSS TIMER, spol. s r.o. Holzova 2887\/10b 628 00 Brno- L\u00ed\u0161e\u0148 Company ID: 25339923 Tax ID: CZ25339923 Contacts Phone: +420 605 406\" \/>\n<meta property=\"og:url\" content=\"https:\/\/www.bosstimerkovo.cz\/en\/contact\/\" \/>\n<meta property=\"og:site_name\" content=\"BossTimer - Divize kovov\u00fdroby\" \/>\n<meta property=\"article:modified_time\" content=\"2026-02-26T20:35:15+00:00\" \/>\n<meta name=\"twitter:card\" content=\"summary_large_image\" \/>\n<meta name=\"twitter:label1\" content=\"Est. reading time\" \/>\n\t<meta name=\"twitter:data1\" content=\"1 minute\" \/>\n<script type=\"application\/ld+json\" class=\"yoast-schema-graph\">{\"@context\":\"https:\/\/schema.org\",\"@graph\":[{\"@type\":\"WebPage\",\"@id\":\"https:\/\/www.bosstimerkovo.cz\/en\/contact\/\",\"url\":\"https:\/\/www.bosstimerkovo.cz\/en\/contact\/\",\"name\":\"Contact - BossTimer - Divize kovov\u00fdroby\",\"isPartOf\":{\"@id\":\"https:\/\/www.bosstimerkovo.cz\/#website\"},\"datePublished\":\"2016-12-29T09:26:37+00:00\",\"dateModified\":\"2026-02-26T20:35:15+00:00\",\"description\":\"Billing address Address: BOSS TIMER, spol. s r.o. Holzova 2887\/10b 628 00 Brno- L\u00ed\u0161e\u0148 Company ID: 25339923 Tax ID: CZ25339923 Contacts Phone: +420 605 406\",\"breadcrumb\":{\"@id\":\"https:\/\/www.bosstimerkovo.cz\/en\/contact\/#breadcrumb\"},\"inLanguage\":\"en-US\",\"potentialAction\":[{\"@type\":\"ReadAction\",\"target\":[\"https:\/\/www.bosstimerkovo.cz\/en\/contact\/\"]}]},{\"@type\":\"BreadcrumbList\",\"@id\":\"https:\/\/www.bosstimerkovo.cz\/en\/contact\/#breadcrumb\",\"itemListElement\":[{\"@type\":\"ListItem\",\"position\":1,\"name\":\"\u00davod\",\"item\":\"https:\/\/www.bosstimerkovo.cz\/en\/\"},{\"@type\":\"ListItem\",\"position\":2,\"name\":\"Contact\"}]},{\"@type\":\"WebSite\",\"@id\":\"https:\/\/www.bosstimerkovo.cz\/#website\",\"url\":\"https:\/\/www.bosstimerkovo.cz\/\",\"name\":\"BossTimer - Divize kovov\u00fdroby\",\"description\":\"Zak\u00e1zkov\u00e1 a s\u00e9riov\u00e1 kovov\u00fdroba\",\"potentialAction\":[{\"@type\":\"SearchAction\",\"target\":{\"@type\":\"EntryPoint\",\"urlTemplate\":\"https:\/\/www.bosstimerkovo.cz\/?s={search_term_string}\"},\"query-input\":\"required name=search_term_string\"}],\"inLanguage\":\"en-US\"}]}<\/script>\n<!-- \/ Yoast SEO plugin. -->","yoast_head_json":{"title":"Contact - BossTimer - Divize kovov\u00fdroby","description":"Billing address Address: BOSS TIMER, spol. s r.o. Holzova 2887\/10b 628 00 Brno- L\u00ed\u0161e\u0148 Company ID: 25339923 Tax ID: CZ25339923 Contacts Phone: +420 605 406","robots":{"index":"index","follow":"follow","max-snippet":"max-snippet:-1","max-image-preview":"max-image-preview:large","max-video-preview":"max-video-preview:-1"},"canonical":"https:\/\/www.bosstimerkovo.cz\/en\/contact\/","og_locale":"en_US","og_type":"article","og_title":"Contact - BossTimer - Divize kovov\u00fdroby","og_description":"Billing address Address: BOSS TIMER, spol. s r.o. Holzova 2887\/10b 628 00 Brno- L\u00ed\u0161e\u0148 Company ID: 25339923 Tax ID: CZ25339923 Contacts Phone: +420 605 406","og_url":"https:\/\/www.bosstimerkovo.cz\/en\/contact\/","og_site_name":"BossTimer - Divize kovov\u00fdroby","article_modified_time":"2026-02-26T20:35:15+00:00","twitter_card":"summary_large_image","twitter_misc":{"Est. reading time":"1 minute"},"schema":{"@context":"https:\/\/schema.org","@graph":[{"@type":"WebPage","@id":"https:\/\/www.bosstimerkovo.cz\/en\/contact\/","url":"https:\/\/www.bosstimerkovo.cz\/en\/contact\/","name":"Contact - BossTimer - Divize kovov\u00fdroby","isPartOf":{"@id":"https:\/\/www.bosstimerkovo.cz\/#website"},"datePublished":"2016-12-29T09:26:37+00:00","dateModified":"2026-02-26T20:35:15+00:00","description":"Billing address Address: BOSS TIMER, spol. s r.o. Holzova 2887\/10b 628 00 Brno- L\u00ed\u0161e\u0148 Company ID: 25339923 Tax ID: CZ25339923 Contacts Phone: +420 605 406","breadcrumb":{"@id":"https:\/\/www.bosstimerkovo.cz\/en\/contact\/#breadcrumb"},"inLanguage":"en-US","potentialAction":[{"@type":"ReadAction","target":["https:\/\/www.bosstimerkovo.cz\/en\/contact\/"]}]},{"@type":"BreadcrumbList","@id":"https:\/\/www.bosstimerkovo.cz\/en\/contact\/#breadcrumb","itemListElement":[{"@type":"ListItem","position":1,"name":"\u00davod","item":"https:\/\/www.bosstimerkovo.cz\/en\/"},{"@type":"ListItem","position":2,"name":"Contact"}]},{"@type":"WebSite","@id":"https:\/\/www.bosstimerkovo.cz\/#website","url":"https:\/\/www.bosstimerkovo.cz\/","name":"BossTimer - Divize kovov\u00fdroby","description":"Zak\u00e1zkov\u00e1 a s\u00e9riov\u00e1 kovov\u00fdroba","potentialAction":[{"@type":"SearchAction","target":{"@type":"EntryPoint","urlTemplate":"https:\/\/www.bosstimerkovo.cz\/?s={search_term_string}"},"query-input":"required name=search_term_string"}],"inLanguage":"en-US"}]}},"_links":{"self":[{"href":"https:\/\/www.bosstimerkovo.cz\/en\/wp-json\/wp\/v2\/pages\/655","targetHints":{"allow":["GET"]}}],"collection":[{"href":"https:\/\/www.bosstimerkovo.cz\/en\/wp-json\/wp\/v2\/pages"}],"about":[{"href":"https:\/\/www.bosstimerkovo.cz\/en\/wp-json\/wp\/v2\/types\/page"}],"author":[{"embeddable":true,"href":"https:\/\/www.bosstimerkovo.cz\/en\/wp-json\/wp\/v2\/users\/1"}],"replies":[{"embeddable":true,"href":"https:\/\/www.bosstimerkovo.cz\/en\/wp-json\/wp\/v2\/comments?post=655"}],"version-history":[{"count":5,"href":"https:\/\/www.bosstimerkovo.cz\/en\/wp-json\/wp\/v2\/pages\/655\/revisions"}],"predecessor-version":[{"id":1524,"href":"https:\/\/www.bosstimerkovo.cz\/en\/wp-json\/wp\/v2\/pages\/655\/revisions\/1524"}],"wp:attachment":[{"href":"https:\/\/www.bosstimerkovo.cz\/en\/wp-json\/wp\/v2\/media?parent=655"}],"curies":[{"name":"wp","href":"https:\/\/api.w.org\/{rel}","templated":true}]}}