{"id":642,"date":"2016-12-29T09:39:10","date_gmt":"2016-12-29T08:39:10","guid":{"rendered":"https:\/\/www.bosstimerkovo.cz\/home\/"},"modified":"2018-10-29T10:04:13","modified_gmt":"2018-10-29T09:04:13","slug":"home","status":"publish","type":"page","link":"https:\/\/www.bosstimerkovo.cz\/en\/","title":{"rendered":"Home"},"content":{"rendered":"<div id=\"black-studio-tinymce-8\" class=\"widget widget_black_studio_tinymce amr_widget\"><div class=\"textwidget\"><hr>\r\n<div class=\"row home-rozcestnik\">\r\n<div class=\"col-sm-4\" data-aos=\"flip-up\" data-aos-delay=\"100\">\r\n<div class=\"text-center rozcestnik\"><a title=\"Service offer\" href=\"https:\/\/www.bosstimerkovo.cz\/en\/service-offer\/\">\r\n<img loading=\"lazy\" decoding=\"async\" width=\"500\" height=\"500\" src=\"https:\/\/www.bosstimerkovo.cz\/wp-content\/uploads\/2018\/04\/sluzby-b.jpg\" alt=\"Service offer\" class=\"img-responsive center-block size-full wp-image-477\" srcset=\"https:\/\/www.bosstimerkovo.cz\/wp-content\/uploads\/2018\/04\/sluzby-b.jpg 500w, https:\/\/www.bosstimerkovo.cz\/wp-content\/uploads\/2018\/04\/sluzby-b-300x300.jpg 300w\" sizes=\"auto, (max-width: 500px) 100vw, 500px\" \/>\r\n<h2 class=\"h3\">Service offer<\/h2><\/a>\r\n<\/div>\r\n<\/div>\r\n<div class=\"clearfix visible-xs\">&nbsp;<\/div>\r\n<div class=\"col-sm-4\" data-aos=\"flip-up\" data-aos-delay=\"200\">\r\n<div class=\"text-center rozcestnik\" ><a title=\"Own products\" href=\"https:\/\/www.bosstimerkovo.cz\/en\/produkty\/own-products\/\">\r\n<img loading=\"lazy\" decoding=\"async\" width=\"500\" height=\"500\" src=\"https:\/\/www.bosstimerkovo.cz\/wp-content\/uploads\/2018\/04\/vlastni-produkty.jpg\" alt=\"Own products\" class=\"img-responsive center-block size-full wp-image-469\" srcset=\"https:\/\/www.bosstimerkovo.cz\/wp-content\/uploads\/2018\/04\/vlastni-produkty.jpg 500w, https:\/\/www.bosstimerkovo.cz\/wp-content\/uploads\/2018\/04\/vlastni-produkty-300x300.jpg 300w\" sizes=\"auto, (max-width: 500px) 100vw, 500px\" \/>\r\n<h2 class=\"h3\">Own products<\/h2><\/a>\r\n<\/div>\r\n<\/div>\r\n<div class=\"clearfix visible-xs\">&nbsp;<\/div>\r\n<div class=\"col-sm-4\" data-aos=\"flip-up\" data-aos-delay=\"300\">\r\n<div class=\"text-center rozcestnik\" ><a title=\"References\" href=\"https:\/\/www.bosstimerkovo.cz\/en\/references\/\">\r\n<img loading=\"lazy\" decoding=\"async\" src=\"https:\/\/www.bosstimerkovo.cz\/wp-content\/uploads\/2018\/04\/reference-2.jpg\" alt=\"References\" width=\"500\" height=\"500\" class=\"img-responsive center-block size-full wp-image-612\" srcset=\"https:\/\/www.bosstimerkovo.cz\/wp-content\/uploads\/2018\/04\/reference-2.jpg 500w, https:\/\/www.bosstimerkovo.cz\/wp-content\/uploads\/2018\/04\/reference-2-300x300.jpg 300w\" sizes=\"auto, (max-width: 500px) 100vw, 500px\" \/>\r\n<h2 class=\"h3\">References<\/h2><\/a>\r\n<\/div>\r\n<\/div>\r\n<\/div>\r\n<hr><\/div><\/div>\n<h1>BossTimer metal production division<\/h1>\n<p class=\"text-center\">The subject of our activity is <strong>custom and serial metal production<\/strong>. We\u2019re focused on metal sheet parts and assemblies, subtle constructions of profiles and metal furniture. We supply advertising, metal stands and other in-store solutions including installation. The metal production division has production facilities in Chlumec nad Cidlinou.<\/p>\n","protected":false},"excerpt":{"rendered":"<p>BossTimer metal production division The subject of our activity is custom and serial metal production. We\u2019re focused on metal sheet parts and assemblies, subtle constructions of profiles and metal furniture. We supply advertising, metal stands and other in-store solutions including installation. The metal production division has production facilities in Chlumec nad Cidlinou.<\/p>\n","protected":false},"author":1,"featured_media":0,"parent":0,"menu_order":0,"comment_status":"closed","ping_status":"closed","template":"","meta":{"footnotes":""},"class_list":["post-642","page","type-page","status-publish","hentry"],"yoast_head":"<!-- This site is optimized with the Yoast SEO plugin v21.4 - https:\/\/yoast.com\/wordpress\/plugins\/seo\/ -->\n<title>Home - BossTimer - Divize kovov\u00fdroby<\/title>\n<meta name=\"description\" content=\"BossTimer metal production division The subject of our activity is custom and serial metal production. We\u2019re focused on metal sheet parts and assemblies,\" \/>\n<meta name=\"robots\" content=\"index, follow, max-snippet:-1, max-image-preview:large, max-video-preview:-1\" \/>\n<link rel=\"canonical\" href=\"https:\/\/www.bosstimerkovo.cz\/en\/\" \/>\n<meta property=\"og:locale\" content=\"en_US\" \/>\n<meta property=\"og:type\" content=\"article\" \/>\n<meta property=\"og:title\" content=\"Home - BossTimer - Divize kovov\u00fdroby\" \/>\n<meta property=\"og:description\" content=\"BossTimer metal production division The subject of our activity is custom and serial metal production. We\u2019re focused on metal sheet parts and assemblies,\" \/>\n<meta property=\"og:url\" content=\"https:\/\/www.bosstimerkovo.cz\/en\/\" \/>\n<meta property=\"og:site_name\" content=\"BossTimer - Divize kovov\u00fdroby\" \/>\n<meta property=\"article:modified_time\" content=\"2018-10-29T09:04:13+00:00\" \/>\n<meta name=\"twitter:card\" content=\"summary_large_image\" \/>\n<script type=\"application\/ld+json\" class=\"yoast-schema-graph\">{\"@context\":\"https:\/\/schema.org\",\"@graph\":[{\"@type\":\"WebPage\",\"@id\":\"https:\/\/www.bosstimerkovo.cz\/en\/\",\"url\":\"https:\/\/www.bosstimerkovo.cz\/en\/\",\"name\":\"Home - BossTimer - Divize kovov\u00fdroby\",\"isPartOf\":{\"@id\":\"https:\/\/www.bosstimerkovo.cz\/#website\"},\"datePublished\":\"2016-12-29T08:39:10+00:00\",\"dateModified\":\"2018-10-29T09:04:13+00:00\",\"description\":\"BossTimer metal production division The subject of our activity is custom and serial metal production. We\u2019re focused on metal sheet parts and assemblies,\",\"breadcrumb\":{\"@id\":\"https:\/\/www.bosstimerkovo.cz\/en\/#breadcrumb\"},\"inLanguage\":\"en-US\",\"potentialAction\":[{\"@type\":\"ReadAction\",\"target\":[\"https:\/\/www.bosstimerkovo.cz\/en\/\"]}]},{\"@type\":\"BreadcrumbList\",\"@id\":\"https:\/\/www.bosstimerkovo.cz\/en\/#breadcrumb\",\"itemListElement\":[{\"@type\":\"ListItem\",\"position\":1,\"name\":\"\u00davod\",\"item\":\"https:\/\/www.bosstimerkovo.cz\/en\/\"},{\"@type\":\"ListItem\",\"position\":2,\"name\":\"Home\"}]},{\"@type\":\"WebSite\",\"@id\":\"https:\/\/www.bosstimerkovo.cz\/#website\",\"url\":\"https:\/\/www.bosstimerkovo.cz\/\",\"name\":\"BossTimer - Divize kovov\u00fdroby\",\"description\":\"Zak\u00e1zkov\u00e1 a s\u00e9riov\u00e1 kovov\u00fdroba\",\"potentialAction\":[{\"@type\":\"SearchAction\",\"target\":{\"@type\":\"EntryPoint\",\"urlTemplate\":\"https:\/\/www.bosstimerkovo.cz\/?s={search_term_string}\"},\"query-input\":\"required name=search_term_string\"}],\"inLanguage\":\"en-US\"}]}<\/script>\n<!-- \/ Yoast SEO plugin. -->","yoast_head_json":{"title":"Home - BossTimer - Divize kovov\u00fdroby","description":"BossTimer metal production division The subject of our activity is custom and serial metal production. We\u2019re focused on metal sheet parts and assemblies,","robots":{"index":"index","follow":"follow","max-snippet":"max-snippet:-1","max-image-preview":"max-image-preview:large","max-video-preview":"max-video-preview:-1"},"canonical":"https:\/\/www.bosstimerkovo.cz\/en\/","og_locale":"en_US","og_type":"article","og_title":"Home - BossTimer - Divize kovov\u00fdroby","og_description":"BossTimer metal production division The subject of our activity is custom and serial metal production. We\u2019re focused on metal sheet parts and assemblies,","og_url":"https:\/\/www.bosstimerkovo.cz\/en\/","og_site_name":"BossTimer - Divize kovov\u00fdroby","article_modified_time":"2018-10-29T09:04:13+00:00","twitter_card":"summary_large_image","schema":{"@context":"https:\/\/schema.org","@graph":[{"@type":"WebPage","@id":"https:\/\/www.bosstimerkovo.cz\/en\/","url":"https:\/\/www.bosstimerkovo.cz\/en\/","name":"Home - BossTimer - Divize kovov\u00fdroby","isPartOf":{"@id":"https:\/\/www.bosstimerkovo.cz\/#website"},"datePublished":"2016-12-29T08:39:10+00:00","dateModified":"2018-10-29T09:04:13+00:00","description":"BossTimer metal production division The subject of our activity is custom and serial metal production. We\u2019re focused on metal sheet parts and assemblies,","breadcrumb":{"@id":"https:\/\/www.bosstimerkovo.cz\/en\/#breadcrumb"},"inLanguage":"en-US","potentialAction":[{"@type":"ReadAction","target":["https:\/\/www.bosstimerkovo.cz\/en\/"]}]},{"@type":"BreadcrumbList","@id":"https:\/\/www.bosstimerkovo.cz\/en\/#breadcrumb","itemListElement":[{"@type":"ListItem","position":1,"name":"\u00davod","item":"https:\/\/www.bosstimerkovo.cz\/en\/"},{"@type":"ListItem","position":2,"name":"Home"}]},{"@type":"WebSite","@id":"https:\/\/www.bosstimerkovo.cz\/#website","url":"https:\/\/www.bosstimerkovo.cz\/","name":"BossTimer - Divize kovov\u00fdroby","description":"Zak\u00e1zkov\u00e1 a s\u00e9riov\u00e1 kovov\u00fdroba","potentialAction":[{"@type":"SearchAction","target":{"@type":"EntryPoint","urlTemplate":"https:\/\/www.bosstimerkovo.cz\/?s={search_term_string}"},"query-input":"required name=search_term_string"}],"inLanguage":"en-US"}]}},"_links":{"self":[{"href":"https:\/\/www.bosstimerkovo.cz\/en\/wp-json\/wp\/v2\/pages\/642","targetHints":{"allow":["GET"]}}],"collection":[{"href":"https:\/\/www.bosstimerkovo.cz\/en\/wp-json\/wp\/v2\/pages"}],"about":[{"href":"https:\/\/www.bosstimerkovo.cz\/en\/wp-json\/wp\/v2\/types\/page"}],"author":[{"embeddable":true,"href":"https:\/\/www.bosstimerkovo.cz\/en\/wp-json\/wp\/v2\/users\/1"}],"replies":[{"embeddable":true,"href":"https:\/\/www.bosstimerkovo.cz\/en\/wp-json\/wp\/v2\/comments?post=642"}],"version-history":[{"count":4,"href":"https:\/\/www.bosstimerkovo.cz\/en\/wp-json\/wp\/v2\/pages\/642\/revisions"}],"predecessor-version":[{"id":691,"href":"https:\/\/www.bosstimerkovo.cz\/en\/wp-json\/wp\/v2\/pages\/642\/revisions\/691"}],"wp:attachment":[{"href":"https:\/\/www.bosstimerkovo.cz\/en\/wp-json\/wp\/v2\/media?parent=642"}],"curies":[{"name":"wp","href":"https:\/\/api.w.org\/{rel}","templated":true}]}}