{"id":840,"date":"2018-03-12T11:35:43","date_gmt":"2018-03-12T10:35:43","guid":{"rendered":"https:\/\/www.bosstimerkovo.cz\/angebot-an-serviceleistungen\/praskove-lakovani\/"},"modified":"2018-10-30T15:42:27","modified_gmt":"2018-10-30T14:42:27","slug":"pulverlackierung","status":"publish","type":"page","link":"https:\/\/www.bosstimerkovo.cz\/de\/angebot-an-serviceleistungen\/pulverlackierung\/","title":{"rendered":"Pulverlackierung"},"content":{"rendered":"<div class=\"row\">\n<div class=\"col-sm-5\">\n<h2>Pulverlackierung<\/h2>\n<ul class=\"seznam-obrazkovy\">\n<li>wir lackieren mit Hilfe der Applikation von Farbe durch Statik ZUES, TRIBO<\/li>\n<li>maximale Ma\u00dfe der lackierten Teile 1.195 x 1.700 x 2.900&nbsp;mm<\/li>\n<\/ul><\/div>\n<div class=\"col-sm-7\">\n<div class=\"clearfix visible-xs\">&nbsp;<\/div>\n<p>\t\t<img loading=\"lazy\" decoding=\"async\" src=\"https:\/\/www.bosstimerkovo.cz\/wp-content\/uploads\/2018\/04\/praskova-lakovna-1.jpg\" alt=\"Pulverlackierung\" width=\"900\" height=\"387\" class=\"img-responsive center-block size-full wp-image-596\" srcset=\"https:\/\/www.bosstimerkovo.cz\/wp-content\/uploads\/2018\/04\/praskova-lakovna-1.jpg 900w, https:\/\/www.bosstimerkovo.cz\/wp-content\/uploads\/2018\/04\/praskova-lakovna-1-300x129.jpg 300w, https:\/\/www.bosstimerkovo.cz\/wp-content\/uploads\/2018\/04\/praskova-lakovna-1-500x215.jpg 500w, https:\/\/www.bosstimerkovo.cz\/wp-content\/uploads\/2018\/04\/praskova-lakovna-1-768x330.jpg 768w\" sizes=\"auto, (max-width: 900px) 100vw, 900px\" \/>\n\t\t<\/div>\n<\/div>\n<div class=\"clearfix\">&nbsp;<\/div>\n<hr>\n<div class=\"clearfix\">&nbsp;<\/div>\n<div class=\"row\">\n<div class=\"col-xs-12\"><div id=\"black-studio-tinymce-15\" class=\"widget widget_black_studio_tinymce amr_widget\"><div class=\"textwidget\"><div class=\"col-xs-12\">\r\n<div class=\"row formular-bg\">\r\n<div class=\"col-xs-12\">\r\n<h2 id=\"poptavka\" class=\"col-xs-12 text-center\">Sind Sie an unseren Dienstleistungen interessiert? Schreiben Sie uns eine unverbindliche Anfrage<\/h2>\r\n<div class=\"col-sm-4\">\r\n<div class=\"col-xs-12 osoba\">\r\n<img loading=\"lazy\" decoding=\"async\" src=\"https:\/\/www.bosstimerkovo.cz\/wp-content\/uploads\/2019\/05\/logo-bosstimmer.png\" alt=\"logo-bosstimmer\" width=\"250\" height=\"62\" class=\"img-responsive center-block wp-image-955\" \/><p class=\"text-center\">Rufen Sie uns an oder senden Sie eine Anfrage online.<\/p><p class=\"mobil text-center\"><i class=\"fa fa-phone\"><\/i>+420 775 007 592<\/p><\/div>\r\n<div class=\"clearfix visible-xs\"><\/div>\r\n<\/div>\r\n<div class=\"col-sm-8\">\n<div class=\"wpcf7 no-js\" id=\"wpcf7-f900-o1\" lang=\"cs-CZ\" dir=\"ltr\">\n<div class=\"screen-reader-response\"><p role=\"status\" aria-live=\"polite\" aria-atomic=\"true\"><\/p> <ul><\/ul><\/div>\n<form action=\"\/de\/wp-json\/wp\/v2\/pages\/840#wpcf7-f900-o1\" method=\"post\" class=\"wpcf7-form init form-horizontal\" aria-label=\"Kontaktformular\" novalidate=\"novalidate\" data-status=\"init\">\n<div style=\"display: none;\">\n<input type=\"hidden\" name=\"_wpcf7\" value=\"900\" \/>\n<input type=\"hidden\" name=\"_wpcf7_version\" value=\"5.8.1\" \/>\n<input type=\"hidden\" name=\"_wpcf7_locale\" value=\"cs_CZ\" \/>\n<input type=\"hidden\" name=\"_wpcf7_unit_tag\" value=\"wpcf7-f900-o1\" \/>\n<input type=\"hidden\" name=\"_wpcf7_container_post\" value=\"0\" \/>\n<input type=\"hidden\" name=\"_wpcf7_posted_data_hash\" value=\"\" \/>\n<\/div>\n<div class=\"form-group your-subject\"><label class=\" control-label col-sm-3\" for=\"zamknute\">Service <span class=\"required\">*<\/span><\/label><div class=\"col-sm-9\"><input class=\"wpcf7-form-control wpcf7-text wpcf7-validates-as-required form-control\" id=\"zamknute\" name=\"your-subject\" type=\"text\" value=\"\" aria-invalid=\"false\" aria-required=\"true\" required><\/div><\/div>\n<div class=\"form-group your-name\"><label class=\" control-label col-sm-3\">Name<\/label><div class=\"col-sm-9\"><input class=\"wpcf7-form-control wpcf7-text form-control\" name=\"your-name\" type=\"text\" value=\"\" aria-invalid=\"false\"><\/div><\/div>\n<div class=\"form-group your-email\"><label class=\" control-label col-sm-3\">E-mail <span class=\"required\">*<\/span><\/label><div class=\"col-sm-9\"><input class=\"wpcf7-form-control wpcf7-email wpcf7-validates-as-required wpcf7-text wpcf7-validates-as-email form-control\" name=\"your-email\" type=\"email\" value=\"\" aria-invalid=\"false\" aria-required=\"true\" required><\/div><\/div>\n<div class=\"form-group phone\"><label class=\" control-label col-sm-3\">Telefon<\/label><div class=\"col-sm-9\"><input class=\"wpcf7-form-control wpcf7-tel wpcf7-text wpcf7-validates-as-tel form-control\" name=\"phone\" type=\"tel\" value=\"\" aria-invalid=\"false\"><\/div><\/div>\n<div class=\"form-group your-message\"><label class=\" control-label col-sm-3\">Frage <span class=\"required\">*<\/span><\/label><div class=\"col-sm-9\"><textarea class=\"wpcf7-form-control wpcf7-textarea wpcf7-validates-as-required form-control\" name=\"your-message\" rows=\"4\" aria-invalid=\"false\" aria-required=\"true\" required><\/textarea><\/div><\/div>\n<!-- <div class=\"form-group\">\n <label class=\"control-label col-sm-3\"><\/label>\n <div class=\"col-sm-9\">[recaptcha]<\/div>\n<\/div> -->\n<span id=\"wpcf7-69d766a82f5c3-wrapper\" class=\"wpcf7-form-control-wrap City-wrap\" style=\"display:none !important; visibility:hidden !important;\"><label for=\"wpcf7-69d766a82f5c3-field\" class=\"hp-message\">Bitte lasse dieses Feld leer.<\/label><input id=\"wpcf7-69d766a82f5c3-field\"  class=\"wpcf7-form-control wpcf7-text\" type=\"text\" name=\"City\" value=\"\" size=\"40\" tabindex=\"-1\" autocomplete=\"new-password\" \/><\/span>\n<div class=\"form-group\"><div class=\"col-sm-9 col-sm-offset-3\"><input class=\"wpcf7-form-control wpcf7-submit btn btn-danger btn-lg\" type=\"submit\" value=\"Sende eine Nachricht\"><\/div><\/div><div class=\"wpcf7-response-output alert alert-warning\"><\/div>\n<\/form>\n<\/div>\n<\/div>\r\n<\/div>\r\n<\/div>\r\n<\/div>\r\n<div class=\"clearfix\">&nbsp;<\/div><\/div><\/div><\/div>\n<\/div>\n","protected":false},"excerpt":{"rendered":"<p>Pulverlackierung wir lackieren mit Hilfe der Applikation von Farbe durch Statik ZUES, TRIBO maximale Ma\u00dfe der lackierten Teile 1.195 x 1.700 x 2.900&nbsp;mm &nbsp; &nbsp; &nbsp;<\/p>\n","protected":false},"author":1,"featured_media":0,"parent":802,"menu_order":0,"comment_status":"closed","ping_status":"closed","template":"","meta":{"footnotes":""},"class_list":["post-840","page","type-page","status-publish","hentry"],"yoast_head":"<!-- This site is optimized with the Yoast SEO plugin v21.4 - https:\/\/yoast.com\/wordpress\/plugins\/seo\/ -->\n<title>Pulverlackierung - BossTimer - Divize kovov\u00fdroby<\/title>\n<meta name=\"description\" content=\"Pulverlackierung wir lackieren mit Hilfe der Applikation von Farbe durch Statik ZUES, TRIBO maximale Ma\u00dfe der lackierten Teile 1.195 x 1.700 x 2.900\" \/>\n<meta name=\"robots\" content=\"index, follow, max-snippet:-1, max-image-preview:large, max-video-preview:-1\" \/>\n<link rel=\"canonical\" href=\"https:\/\/www.bosstimerkovo.cz\/de\/angebot-an-serviceleistungen\/pulverlackierung\/\" \/>\n<meta property=\"og:locale\" content=\"de_DE\" \/>\n<meta property=\"og:type\" content=\"article\" \/>\n<meta property=\"og:title\" content=\"Pulverlackierung - BossTimer - Divize kovov\u00fdroby\" \/>\n<meta property=\"og:description\" content=\"Pulverlackierung wir lackieren mit Hilfe der Applikation von Farbe durch Statik ZUES, TRIBO maximale Ma\u00dfe der lackierten Teile 1.195 x 1.700 x 2.900\" \/>\n<meta property=\"og:url\" content=\"https:\/\/www.bosstimerkovo.cz\/de\/angebot-an-serviceleistungen\/pulverlackierung\/\" \/>\n<meta property=\"og:site_name\" content=\"BossTimer - Divize kovov\u00fdroby\" \/>\n<meta property=\"article:modified_time\" content=\"2018-10-30T14:42:27+00:00\" \/>\n<meta property=\"og:image\" content=\"https:\/\/www.bosstimerkovo.cz\/wp-content\/uploads\/2018\/04\/praskova-lakovna-1.jpg\" \/>\n<meta name=\"twitter:card\" content=\"summary_large_image\" \/>\n<script type=\"application\/ld+json\" class=\"yoast-schema-graph\">{\"@context\":\"https:\/\/schema.org\",\"@graph\":[{\"@type\":\"WebPage\",\"@id\":\"https:\/\/www.bosstimerkovo.cz\/de\/angebot-an-serviceleistungen\/pulverlackierung\/\",\"url\":\"https:\/\/www.bosstimerkovo.cz\/de\/angebot-an-serviceleistungen\/pulverlackierung\/\",\"name\":\"Pulverlackierung - BossTimer - Divize kovov\u00fdroby\",\"isPartOf\":{\"@id\":\"https:\/\/www.bosstimerkovo.cz\/#website\"},\"datePublished\":\"2018-03-12T10:35:43+00:00\",\"dateModified\":\"2018-10-30T14:42:27+00:00\",\"description\":\"Pulverlackierung wir lackieren mit Hilfe der Applikation von Farbe durch Statik ZUES, TRIBO maximale Ma\u00dfe der lackierten Teile 1.195 x 1.700 x 2.900\",\"breadcrumb\":{\"@id\":\"https:\/\/www.bosstimerkovo.cz\/de\/angebot-an-serviceleistungen\/pulverlackierung\/#breadcrumb\"},\"inLanguage\":\"de-DE\",\"potentialAction\":[{\"@type\":\"ReadAction\",\"target\":[\"https:\/\/www.bosstimerkovo.cz\/de\/angebot-an-serviceleistungen\/pulverlackierung\/\"]}]},{\"@type\":\"BreadcrumbList\",\"@id\":\"https:\/\/www.bosstimerkovo.cz\/de\/angebot-an-serviceleistungen\/pulverlackierung\/#breadcrumb\",\"itemListElement\":[{\"@type\":\"ListItem\",\"position\":1,\"name\":\"\u00davod\",\"item\":\"https:\/\/www.bosstimerkovo.cz\/de\/\"},{\"@type\":\"ListItem\",\"position\":2,\"name\":\"Angebot an Serviceleistungen\",\"item\":\"https:\/\/www.bosstimerkovo.cz\/de\/angebot-an-serviceleistungen\/\"},{\"@type\":\"ListItem\",\"position\":3,\"name\":\"Pulverlackierung\"}]},{\"@type\":\"WebSite\",\"@id\":\"https:\/\/www.bosstimerkovo.cz\/#website\",\"url\":\"https:\/\/www.bosstimerkovo.cz\/\",\"name\":\"BossTimer - Divize kovov\u00fdroby\",\"description\":\"Zak\u00e1zkov\u00e1 a s\u00e9riov\u00e1 kovov\u00fdroba\",\"potentialAction\":[{\"@type\":\"SearchAction\",\"target\":{\"@type\":\"EntryPoint\",\"urlTemplate\":\"https:\/\/www.bosstimerkovo.cz\/?s={search_term_string}\"},\"query-input\":\"required name=search_term_string\"}],\"inLanguage\":\"de-DE\"}]}<\/script>\n<!-- \/ Yoast SEO plugin. -->","yoast_head_json":{"title":"Pulverlackierung - BossTimer - Divize kovov\u00fdroby","description":"Pulverlackierung wir lackieren mit Hilfe der Applikation von Farbe durch Statik ZUES, TRIBO maximale Ma\u00dfe der lackierten Teile 1.195 x 1.700 x 2.900","robots":{"index":"index","follow":"follow","max-snippet":"max-snippet:-1","max-image-preview":"max-image-preview:large","max-video-preview":"max-video-preview:-1"},"canonical":"https:\/\/www.bosstimerkovo.cz\/de\/angebot-an-serviceleistungen\/pulverlackierung\/","og_locale":"de_DE","og_type":"article","og_title":"Pulverlackierung - BossTimer - Divize kovov\u00fdroby","og_description":"Pulverlackierung wir lackieren mit Hilfe der Applikation von Farbe durch Statik ZUES, TRIBO maximale Ma\u00dfe der lackierten Teile 1.195 x 1.700 x 2.900","og_url":"https:\/\/www.bosstimerkovo.cz\/de\/angebot-an-serviceleistungen\/pulverlackierung\/","og_site_name":"BossTimer - Divize kovov\u00fdroby","article_modified_time":"2018-10-30T14:42:27+00:00","og_image":[{"url":"https:\/\/www.bosstimerkovo.cz\/wp-content\/uploads\/2018\/04\/praskova-lakovna-1.jpg"}],"twitter_card":"summary_large_image","schema":{"@context":"https:\/\/schema.org","@graph":[{"@type":"WebPage","@id":"https:\/\/www.bosstimerkovo.cz\/de\/angebot-an-serviceleistungen\/pulverlackierung\/","url":"https:\/\/www.bosstimerkovo.cz\/de\/angebot-an-serviceleistungen\/pulverlackierung\/","name":"Pulverlackierung - BossTimer - Divize kovov\u00fdroby","isPartOf":{"@id":"https:\/\/www.bosstimerkovo.cz\/#website"},"datePublished":"2018-03-12T10:35:43+00:00","dateModified":"2018-10-30T14:42:27+00:00","description":"Pulverlackierung wir lackieren mit Hilfe der Applikation von Farbe durch Statik ZUES, TRIBO maximale Ma\u00dfe der lackierten Teile 1.195 x 1.700 x 2.900","breadcrumb":{"@id":"https:\/\/www.bosstimerkovo.cz\/de\/angebot-an-serviceleistungen\/pulverlackierung\/#breadcrumb"},"inLanguage":"de-DE","potentialAction":[{"@type":"ReadAction","target":["https:\/\/www.bosstimerkovo.cz\/de\/angebot-an-serviceleistungen\/pulverlackierung\/"]}]},{"@type":"BreadcrumbList","@id":"https:\/\/www.bosstimerkovo.cz\/de\/angebot-an-serviceleistungen\/pulverlackierung\/#breadcrumb","itemListElement":[{"@type":"ListItem","position":1,"name":"\u00davod","item":"https:\/\/www.bosstimerkovo.cz\/de\/"},{"@type":"ListItem","position":2,"name":"Angebot an Serviceleistungen","item":"https:\/\/www.bosstimerkovo.cz\/de\/angebot-an-serviceleistungen\/"},{"@type":"ListItem","position":3,"name":"Pulverlackierung"}]},{"@type":"WebSite","@id":"https:\/\/www.bosstimerkovo.cz\/#website","url":"https:\/\/www.bosstimerkovo.cz\/","name":"BossTimer - Divize kovov\u00fdroby","description":"Zak\u00e1zkov\u00e1 a s\u00e9riov\u00e1 kovov\u00fdroba","potentialAction":[{"@type":"SearchAction","target":{"@type":"EntryPoint","urlTemplate":"https:\/\/www.bosstimerkovo.cz\/?s={search_term_string}"},"query-input":"required name=search_term_string"}],"inLanguage":"de-DE"}]}},"_links":{"self":[{"href":"https:\/\/www.bosstimerkovo.cz\/de\/wp-json\/wp\/v2\/pages\/840","targetHints":{"allow":["GET"]}}],"collection":[{"href":"https:\/\/www.bosstimerkovo.cz\/de\/wp-json\/wp\/v2\/pages"}],"about":[{"href":"https:\/\/www.bosstimerkovo.cz\/de\/wp-json\/wp\/v2\/types\/page"}],"author":[{"embeddable":true,"href":"https:\/\/www.bosstimerkovo.cz\/de\/wp-json\/wp\/v2\/users\/1"}],"replies":[{"embeddable":true,"href":"https:\/\/www.bosstimerkovo.cz\/de\/wp-json\/wp\/v2\/comments?post=840"}],"version-history":[{"count":3,"href":"https:\/\/www.bosstimerkovo.cz\/de\/wp-json\/wp\/v2\/pages\/840\/revisions"}],"predecessor-version":[{"id":904,"href":"https:\/\/www.bosstimerkovo.cz\/de\/wp-json\/wp\/v2\/pages\/840\/revisions\/904"}],"up":[{"embeddable":true,"href":"https:\/\/www.bosstimerkovo.cz\/de\/wp-json\/wp\/v2\/pages\/802"}],"wp:attachment":[{"href":"https:\/\/www.bosstimerkovo.cz\/de\/wp-json\/wp\/v2\/media?parent=840"}],"curies":[{"name":"wp","href":"https:\/\/api.w.org\/{rel}","templated":true}]}}