{"id":802,"date":"2016-12-29T12:02:24","date_gmt":"2016-12-29T11:02:24","guid":{"rendered":"https:\/\/www.bosstimerkovo.cz\/nabidka-sluzeb\/"},"modified":"2018-10-30T10:53:13","modified_gmt":"2018-10-30T09:53:13","slug":"angebot-an-serviceleistungen","status":"publish","type":"page","link":"https:\/\/www.bosstimerkovo.cz\/de\/angebot-an-serviceleistungen\/","title":{"rendered":"Angebot an Serviceleistungen"},"content":{"rendered":"<p>Dank der Software- und Maschinenausstattung sind wir in der Lage schnelle Prototypen nach Kundenanforderung zu produzieren.<\/p>\n<ul class=\"seznam-obrazkovy\">\n<li>wir bieten Einzelst\u00fcck- und kundenspezifische Produktion an (Expressproduktion)<\/li>\n<li>auf Kundenwunsch k\u00f6nnen wir ein 3D-Modell erstellen und eine Zeichnungsdokumentation ausarbeiten<\/li>\n<li>dank der Maschinenausstattung, der Technologie und dem elektronischen System der Evidenz von Auftr\u00e4gen bieten wir auch die Serienproduktion an<\/li>\n<li>wir sind Partner f\u00fcr die Herstellung von Gro\u00dfserien<\/li>\n<li>unseren Kunden bieten wir auch die Montage und Installation unserer Produkte an<\/li>\n<\/ul>\n<div id=\"custom_html-4\" class=\"widget_text widget widget_custom_html amr_widget\"><div class=\"textwidget custom-html-widget\"><hr>\r\n<div class=\"row flex-container sluzby-de\">\r\n<div class=\"col-md-3 col-sm-6\" data-aos=\"flip-up\" data-aos-delay=\"100\">\r\n<div class=\"text-center rozcestnik rozcestnik-sluzby\"><a title=\"Schneiden mit dem Laser\" href=\"https:\/\/www.bosstimerkovo.cz\/de\/angebot-an-serviceleistungen\/schneiden-mit-dem-laser\/\"><h2 class=\"h3\">Schneiden mit dem Laser<\/h2><\/a>\r\n<\/div>\r\n<\/div>\r\n<div class=\"col-md-3 col-sm-6\" data-aos=\"flip-up\" data-aos-delay=\"200\">\r\n<div class=\"text-center rozcestnik rozcestnik-sluzby\"><a title=\"Ausstanzen\" href=\"https:\/\/www.bosstimerkovo.cz\/de\/angebot-an-serviceleistungen\/ausstanzen\/\"><h2 class=\"h3\">Ausstanzen<\/h2><\/a>\r\n<\/div>\r\n<\/div>\r\n<div class=\"col-md-3 col-sm-6\" data-aos=\"flip-up\" data-aos-delay=\"300\">\r\n<div class=\"text-center rozcestnik rozcestnik-sluzby\"><a title=\"Abkanten\" href=\"https:\/\/www.bosstimerkovo.cz\/de\/angebot-an-serviceleistungen\/abkanten\/\"><h2 class=\"h3\">Abkanten<\/h2><\/a>\r\n<\/div>\r\n<\/div>\r\n<div class=\"col-md-3 col-sm-6\" data-aos=\"flip-up\" data-aos-delay=\"400\">\r\n<div class=\"text-center rozcestnik rozcestnik-sluzby\"><a title=\"Metallverarbeitung\" href=\"https:\/\/www.bosstimerkovo.cz\/de\/angebot-an-serviceleistungen\/metallverarbeitung\/\"><h2 class=\"h3\">Metallverarbeitung<\/h2><\/a>\r\n<\/div>\r\n<\/div>\r\n<div class=\"col-md-3 col-sm-6\" data-aos=\"flip-up\" data-aos-delay=\"400\">\r\n<div class=\"text-center rozcestnik rozcestnik-sluzby\"><a title=\"Spritzen\" href=\"https:\/\/www.bosstimerkovo.cz\/de\/angebot-an-serviceleistungen\/spritzen\/\"><h2 class=\"h3\">Spritzen<\/h2><\/a>\r\n<\/div>\r\n<\/div>\r\n<div class=\"col-md-3 col-sm-6\" data-aos=\"flip-up\" data-aos-delay=\"400\">\r\n<div class=\"text-center rozcestnik rozcestnik-sluzby\"><a title=\"Pulverlackierung\" href=\"https:\/\/www.bosstimerkovo.cz\/de\/angebot-an-serviceleistungen\/pulverlackierung\/\"><h2 class=\"h3\">Pulverlackierung<\/h2><\/a>\r\n<\/div>\r\n<\/div>\r\n<\/div>\r\n<hr><\/div><\/div>\n","protected":false},"excerpt":{"rendered":"<p>Dank der Software- und Maschinenausstattung sind wir in der Lage schnelle Prototypen nach Kundenanforderung zu produzieren. wir bieten Einzelst\u00fcck- und kundenspezifische Produktion an (Expressproduktion) auf Kundenwunsch k\u00f6nnen wir ein 3D-Modell erstellen und eine Zeichnungsdokumentation ausarbeiten dank der Maschinenausstattung, der Technologie und dem elektronischen System der Evidenz von Auftr\u00e4gen bieten wir auch die Serienproduktion an wir &hellip;<\/p>\n","protected":false},"author":1,"featured_media":0,"parent":0,"menu_order":0,"comment_status":"closed","ping_status":"closed","template":"page-templates\/template-full-width-nobreadcrumb.php","meta":{"footnotes":""},"class_list":["post-802","page","type-page","status-publish","hentry"],"yoast_head":"<!-- This site is optimized with the Yoast SEO plugin v21.4 - https:\/\/yoast.com\/wordpress\/plugins\/seo\/ -->\n<title>Angebot an Serviceleistungen - BossTimer - Divize kovov\u00fdroby<\/title>\n<meta name=\"description\" content=\"Dank der Software- und Maschinenausstattung sind wir in der Lage schnelle Prototypen nach Kundenanforderung zu produzieren. wir bieten Einzelst\u00fcck- und\" \/>\n<meta name=\"robots\" content=\"index, follow, max-snippet:-1, max-image-preview:large, max-video-preview:-1\" \/>\n<link rel=\"canonical\" href=\"https:\/\/www.bosstimerkovo.cz\/de\/angebot-an-serviceleistungen\/\" \/>\n<meta property=\"og:locale\" content=\"de_DE\" \/>\n<meta property=\"og:type\" content=\"article\" \/>\n<meta property=\"og:title\" content=\"Angebot an Serviceleistungen - BossTimer - Divize kovov\u00fdroby\" \/>\n<meta property=\"og:description\" content=\"Dank der Software- und Maschinenausstattung sind wir in der Lage schnelle Prototypen nach Kundenanforderung zu produzieren. wir bieten Einzelst\u00fcck- und\" \/>\n<meta property=\"og:url\" content=\"https:\/\/www.bosstimerkovo.cz\/de\/angebot-an-serviceleistungen\/\" \/>\n<meta property=\"og:site_name\" content=\"BossTimer - Divize kovov\u00fdroby\" \/>\n<meta property=\"article:modified_time\" content=\"2018-10-30T09:53:13+00:00\" \/>\n<meta name=\"twitter:card\" content=\"summary_large_image\" \/>\n<script type=\"application\/ld+json\" class=\"yoast-schema-graph\">{\"@context\":\"https:\/\/schema.org\",\"@graph\":[{\"@type\":\"WebPage\",\"@id\":\"https:\/\/www.bosstimerkovo.cz\/de\/angebot-an-serviceleistungen\/\",\"url\":\"https:\/\/www.bosstimerkovo.cz\/de\/angebot-an-serviceleistungen\/\",\"name\":\"Angebot an Serviceleistungen - BossTimer - Divize kovov\u00fdroby\",\"isPartOf\":{\"@id\":\"https:\/\/www.bosstimerkovo.cz\/#website\"},\"datePublished\":\"2016-12-29T11:02:24+00:00\",\"dateModified\":\"2018-10-30T09:53:13+00:00\",\"description\":\"Dank der Software- und Maschinenausstattung sind wir in der Lage schnelle Prototypen nach Kundenanforderung zu produzieren. wir bieten Einzelst\u00fcck- und\",\"breadcrumb\":{\"@id\":\"https:\/\/www.bosstimerkovo.cz\/de\/angebot-an-serviceleistungen\/#breadcrumb\"},\"inLanguage\":\"de-DE\",\"potentialAction\":[{\"@type\":\"ReadAction\",\"target\":[\"https:\/\/www.bosstimerkovo.cz\/de\/angebot-an-serviceleistungen\/\"]}]},{\"@type\":\"BreadcrumbList\",\"@id\":\"https:\/\/www.bosstimerkovo.cz\/de\/angebot-an-serviceleistungen\/#breadcrumb\",\"itemListElement\":[{\"@type\":\"ListItem\",\"position\":1,\"name\":\"\u00davod\",\"item\":\"https:\/\/www.bosstimerkovo.cz\/de\/\"},{\"@type\":\"ListItem\",\"position\":2,\"name\":\"Angebot an Serviceleistungen\"}]},{\"@type\":\"WebSite\",\"@id\":\"https:\/\/www.bosstimerkovo.cz\/#website\",\"url\":\"https:\/\/www.bosstimerkovo.cz\/\",\"name\":\"BossTimer - Divize kovov\u00fdroby\",\"description\":\"Zak\u00e1zkov\u00e1 a s\u00e9riov\u00e1 kovov\u00fdroba\",\"potentialAction\":[{\"@type\":\"SearchAction\",\"target\":{\"@type\":\"EntryPoint\",\"urlTemplate\":\"https:\/\/www.bosstimerkovo.cz\/?s={search_term_string}\"},\"query-input\":\"required name=search_term_string\"}],\"inLanguage\":\"de-DE\"}]}<\/script>\n<!-- \/ Yoast SEO plugin. -->","yoast_head_json":{"title":"Angebot an Serviceleistungen - BossTimer - Divize kovov\u00fdroby","description":"Dank der Software- und Maschinenausstattung sind wir in der Lage schnelle Prototypen nach Kundenanforderung zu produzieren. wir bieten Einzelst\u00fcck- und","robots":{"index":"index","follow":"follow","max-snippet":"max-snippet:-1","max-image-preview":"max-image-preview:large","max-video-preview":"max-video-preview:-1"},"canonical":"https:\/\/www.bosstimerkovo.cz\/de\/angebot-an-serviceleistungen\/","og_locale":"de_DE","og_type":"article","og_title":"Angebot an Serviceleistungen - BossTimer - Divize kovov\u00fdroby","og_description":"Dank der Software- und Maschinenausstattung sind wir in der Lage schnelle Prototypen nach Kundenanforderung zu produzieren. wir bieten Einzelst\u00fcck- und","og_url":"https:\/\/www.bosstimerkovo.cz\/de\/angebot-an-serviceleistungen\/","og_site_name":"BossTimer - Divize kovov\u00fdroby","article_modified_time":"2018-10-30T09:53:13+00:00","twitter_card":"summary_large_image","schema":{"@context":"https:\/\/schema.org","@graph":[{"@type":"WebPage","@id":"https:\/\/www.bosstimerkovo.cz\/de\/angebot-an-serviceleistungen\/","url":"https:\/\/www.bosstimerkovo.cz\/de\/angebot-an-serviceleistungen\/","name":"Angebot an Serviceleistungen - BossTimer - Divize kovov\u00fdroby","isPartOf":{"@id":"https:\/\/www.bosstimerkovo.cz\/#website"},"datePublished":"2016-12-29T11:02:24+00:00","dateModified":"2018-10-30T09:53:13+00:00","description":"Dank der Software- und Maschinenausstattung sind wir in der Lage schnelle Prototypen nach Kundenanforderung zu produzieren. wir bieten Einzelst\u00fcck- und","breadcrumb":{"@id":"https:\/\/www.bosstimerkovo.cz\/de\/angebot-an-serviceleistungen\/#breadcrumb"},"inLanguage":"de-DE","potentialAction":[{"@type":"ReadAction","target":["https:\/\/www.bosstimerkovo.cz\/de\/angebot-an-serviceleistungen\/"]}]},{"@type":"BreadcrumbList","@id":"https:\/\/www.bosstimerkovo.cz\/de\/angebot-an-serviceleistungen\/#breadcrumb","itemListElement":[{"@type":"ListItem","position":1,"name":"\u00davod","item":"https:\/\/www.bosstimerkovo.cz\/de\/"},{"@type":"ListItem","position":2,"name":"Angebot an Serviceleistungen"}]},{"@type":"WebSite","@id":"https:\/\/www.bosstimerkovo.cz\/#website","url":"https:\/\/www.bosstimerkovo.cz\/","name":"BossTimer - Divize kovov\u00fdroby","description":"Zak\u00e1zkov\u00e1 a s\u00e9riov\u00e1 kovov\u00fdroba","potentialAction":[{"@type":"SearchAction","target":{"@type":"EntryPoint","urlTemplate":"https:\/\/www.bosstimerkovo.cz\/?s={search_term_string}"},"query-input":"required name=search_term_string"}],"inLanguage":"de-DE"}]}},"_links":{"self":[{"href":"https:\/\/www.bosstimerkovo.cz\/de\/wp-json\/wp\/v2\/pages\/802","targetHints":{"allow":["GET"]}}],"collection":[{"href":"https:\/\/www.bosstimerkovo.cz\/de\/wp-json\/wp\/v2\/pages"}],"about":[{"href":"https:\/\/www.bosstimerkovo.cz\/de\/wp-json\/wp\/v2\/types\/page"}],"author":[{"embeddable":true,"href":"https:\/\/www.bosstimerkovo.cz\/de\/wp-json\/wp\/v2\/users\/1"}],"replies":[{"embeddable":true,"href":"https:\/\/www.bosstimerkovo.cz\/de\/wp-json\/wp\/v2\/comments?post=802"}],"version-history":[{"count":3,"href":"https:\/\/www.bosstimerkovo.cz\/de\/wp-json\/wp\/v2\/pages\/802\/revisions"}],"predecessor-version":[{"id":806,"href":"https:\/\/www.bosstimerkovo.cz\/de\/wp-json\/wp\/v2\/pages\/802\/revisions\/806"}],"wp:attachment":[{"href":"https:\/\/www.bosstimerkovo.cz\/de\/wp-json\/wp\/v2\/media?parent=802"}],"curies":[{"name":"wp","href":"https:\/\/api.w.org\/{rel}","templated":true}]}}