{"id":661,"date":"2016-12-29T10:26:37","date_gmt":"2016-12-29T09:26:37","guid":{"rendered":"https:\/\/www.bosstimerkovo.cz\/contact\/"},"modified":"2026-02-26T07:51:34","modified_gmt":"2026-02-26T06:51:34","slug":"kontakt","status":"publish","type":"page","link":"https:\/\/www.bosstimerkovo.cz\/de\/kontakt\/","title":{"rendered":"Kontakt"},"content":{"rendered":"<div class=\"row\">\n<div class=\"col-md-6\">\n<table class=\"table\">\n<tbody>\n<tr class=\"danger\">\n<th colspan=\"2\">Rechnungsadresse<\/th>\n<\/tr>\n<tr>\n<td rowspan=\"3\">Adresse:<\/td>\n<td>BOSS TIMER, spol. s&nbsp;r.o.<\/td>\n<\/tr>\n<tr>\n<td>Holzova 2887\/10b<\/td>\n<\/tr>\n<tr>\n<td>628&nbsp;00 Brno &#8211; L\u00ed\u0161e\u0148<\/td>\n<\/tr>\n<tr>\n<td>Firmen ID:<\/td>\n<td>25339923<\/td>\n<\/tr>\n<tr>\n<td>Steuernummer:<\/td>\n<td>CZ25339923<\/td>\n<\/tr>\n<\/tbody>\n<\/table>\n<table class=\"table\" style=\"width: 32.9984%;\">\n<tbody>\n<tr class=\"danger\">\n<th style=\"width: 97.6048%;\" colspan=\"2\">Kontakte<\/th>\n<\/tr>\n<tr class=\"telefon\">\n<td style=\"width: 50.2994%;\"><strong>Telefon:<\/strong><\/td>\n<td style=\"width: 47.3054%;\"><a href=\"tel:+420775007592\">+420&nbsp;605&nbsp;406&nbsp;943<\/a><\/td>\n<\/tr>\n<tr>\n<td style=\"width: 50.2994%;\"><strong>E-mail:<\/strong><\/td>\n<td style=\"width: 47.3054%;\"><a href=\"mailto:kancelar@bosstimer.cz\">kancelar@bosstimer.cz<\/a><\/td>\n<\/tr>\n<\/tbody>\n<\/table>\n<table class=\"table\">\n<tbody>\n<tr class=\"danger\">\n<th colspan=\"3\">Betriebsstunden &#8211; Empfang\/Lieferung von Material und Waren<\/th>\n<\/tr>\n<tr>\n<td>Montag &#8211; Freitag<\/td>\n<td>7:00 &#8211; 11:30 Uhr<\/td>\n<td>12:30 &#8211; 11:30 Uhr<\/td>\n<\/tr>\n<\/tbody>\n<\/table>\n<\/div>\n<div class=\"col-md-6\">\n<table class=\"table\">\n<tbody>\n<tr class=\"danger\">\n<th colspan=\"2\">Produktion<\/th>\n<\/tr>\n<tr>\n<td rowspan=\"3\">Adresse:<\/td>\n<td>BOSS TIMER, spol. s&nbsp;r.o.<\/td>\n<\/tr>\n<tr>\n<td>N\u00e1dra\u017en\u00ed 211<\/td>\n<\/tr>\n<tr>\n<td>503&nbsp;51 Chlumec nad Cidlinou<\/td>\n<\/tr>\n<\/tbody>\n<\/table>\n<div class=\"google-maps\"><iframe loading=\"lazy\" style=\"border: 0;\" src=\"https:\/\/www.google.com\/maps\/embed?pb=!1m18!1m12!1m3!1d653854.1717403437!2d15.253746293884138!3d50.19632788085062!2m3!1f0!2f0!3f0!3m2!1i1024!2i768!4f13.1!3m3!1m2!1s0x470c24a3bfda2bfb%3A0x10609d014b167b5f!2sBoss+Timer+s.+r.+o.!5e0!3m2!1scs!2scz!4v1522323861527\" width=\"100%\" height=\"380\" frameborder=\"0\" allowfullscreen=\"allowfullscreen\"><\/iframe><\/div>\n<\/div>\n<\/div>\n<div class=\"clearfix\"><\/div>\n<h2 class=\"text-center\">Kontaktn\u00ed osoby<\/h2>\n<div class=\"row\">\n<div class=\"col-md-4\">\n<table class=\"table\">\n<tbody>\n<tr class=\"danger\">\n<td class=\"text-center\" colspan=\"2\"><strong>Radoslav Paul<\/strong><\/td>\n<\/tr>\n<tr>\n<td class=\"text-center text-small\" colspan=\"2\">Produktionsleiter<\/td>\n<\/tr>\n<tr class=\"telefon\">\n<td>Mobil:<\/td>\n<td><a href=\"tel:+420602779804\">+420&nbsp;602&nbsp;779&nbsp;804<\/a><\/td>\n<\/tr>\n<tr>\n<td>E-mail:<\/td>\n<td><a href=\"mailto:paul@bosstimer.cz\">paul@bosstimer.cz <\/a><\/td>\n<\/tr>\n<\/tbody>\n<\/table><\/div>\n<div class=\"col-md-4\">\n<table class=\"table\">\n<tbody>\n<tr class=\"danger\">\n<td class=\"text-center\" colspan=\"2\"><strong>Jana Veinlichov\u00e1<\/strong><\/td>\n<\/tr>\n<tr>\n<td class=\"text-center text-small\" colspan=\"2\">Bestelleinnahme &#8211; Verwaltung<\/td>\n<\/tr>\n<tr class=\"telefon\">\n<td>Mobil:<\/td>\n<td><a href=\"tel:+420605406943\">+420&nbsp;605&nbsp;406&nbsp;943<\/a><\/td>\n<\/tr>\n<tr>\n<td>E-mail:<\/td>\n<td><a href=\"mailto:kancelar@bosstimer.cz\">kancelar@bosstimer.cz <\/a><\/td>\n<\/tr>\n<\/tbody>\n<\/table><\/div>\n<div class=\"col-md-4\">\n<table class=\"table\">\n<tbody>\n<tr class=\"danger\">\n<td class=\"text-center\" colspan=\"2\"><strong>David \u010cejka<\/strong><\/td>\n<\/tr>\n<tr>\n<td class=\"text-center text-small\" colspan=\"2\">Bestelleingang &#8211; Berechnung<\/td>\n<\/tr>\n<tr class=\"telefon\">\n<td>Mobil:<\/td>\n<td><a href=\"tel:+420608026601\">+420&nbsp;608&nbsp;026&nbsp;601<\/a><\/td>\n<\/tr>\n<tr>\n<td>E-mail:<\/td>\n<td><a href=\"mailto:david.cejka@bosstimer.cz\">david.cejka@bosstimer.cz<\/a><\/td>\n<\/tr>\n<\/tbody>\n<\/table><\/div>\n<div class=\"col-md-4\">\n<table class=\"table\">\n<tbody>\n<tr class=\"danger\">\n<td class=\"text-center\" colspan=\"2\"><strong>Milo\u0161 Kubiska<\/strong><\/td>\n<\/tr>\n<tr>\n<td class=\"text-center text-small\" colspan=\"2\">Technische Unterst\u00fctzung f\u00fcr Bestellungen<\/td>\n<\/tr>\n<tr class=\"telefon\">\n<td>Mobil:<\/td>\n<td><a href=\"tel:+420731923601\">+420&nbsp;731&nbsp;923&nbsp;601<\/a><\/td>\n<\/tr>\n<tr>\n<td>E-mail:<\/td>\n<td><a href=\"mailto:technik@bosstimer.cz\">technik@bosstimer.cz <\/a><\/td>\n<\/tr>\n<\/tbody>\n<\/table><\/div>\n<div class=\"col-md-4\">\n<table class=\"table\">\n<tbody>\n<tr class=\"danger\">\n<td class=\"text-center\" colspan=\"2\"><strong>Ond\u0159ej Ab\u00edk<\/strong><\/td>\n<\/tr>\n<tr>\n<td class=\"text-center text-small\" colspan=\"2\">Produktionskoordinator<\/td>\n<\/tr>\n<tr class=\"telefon\">\n<td>Mobil:<\/td>\n<td><a href=\"tel:+420607974119\">+420&nbsp;607&nbsp;974&nbsp;119<\/a><\/td>\n<\/tr>\n<tr>\n<td>E-mail:<\/td>\n<td><a href=\"mailto:laser@bosstimer.cz\">laser@bosstimer.cz <\/a><\/td>\n<\/tr>\n<\/tbody>\n<\/table><\/div>\n<div class=\"col-md-4\">\n<table class=\"table\">\n<tbody>\n<tr class=\"danger\">\n<td class=\"text-center\" colspan=\"2\"><strong>Ji\u0159\u00ed Chovanec<\/strong><\/td>\n<\/tr>\n<tr>\n<td class=\"text-center text-small\" colspan=\"2\">Logistika, doprava<\/td>\n<\/tr>\n<tr class=\"telefon\">\n<td>Mobil:<\/td>\n<td><a href=\"tel:+420603326499\">+420&nbsp;603&nbsp;326&nbsp;499<\/a><\/td>\n<\/tr>\n<\/tbody>\n<\/table><\/div>\n<\/div>\n","protected":false},"excerpt":{"rendered":"<p>Rechnungsadresse Adresse: BOSS TIMER, spol. s&nbsp;r.o. Holzova 2887\/10b 628&nbsp;00 Brno &#8211; L\u00ed\u0161e\u0148 Firmen ID: 25339923 Steuernummer: CZ25339923 Kontakte Telefon: +420&nbsp;605&nbsp;406&nbsp;943 E-mail: kancelar@bosstimer.cz Betriebsstunden &#8211; Empfang\/Lieferung von Material und Waren Montag &#8211; Freitag 7:00 &#8211; 11:30 Uhr 12:30 &#8211; 11:30 Uhr Produktion Adresse: BOSS TIMER, spol. s&nbsp;r.o. N\u00e1dra\u017en\u00ed 211&nbsp;503&nbsp;51 Chlumec nad Cidlinou Kontaktn\u00ed osoby Radoslav &hellip;<\/p>\n","protected":false},"author":1,"featured_media":0,"parent":0,"menu_order":0,"comment_status":"closed","ping_status":"closed","template":"page-templates\/template-full-width-nobreadcrumb.php","meta":{"footnotes":""},"class_list":["post-661","page","type-page","status-publish","hentry"],"yoast_head":"<!-- This site is optimized with the Yoast SEO plugin v21.4 - https:\/\/yoast.com\/wordpress\/plugins\/seo\/ -->\n<title>Kontakt - BossTimer - Divize kovov\u00fdroby<\/title>\n<meta name=\"description\" content=\"Rechnungsadresse Adresse: BOSS TIMER, spol. s r.o. Holzova 2887\/10b 628 00 Brno - L\u00ed\u0161e\u0148 Firmen ID: 25339923 Steuernummer: CZ25339923 Kontakte Telefon:\" \/>\n<meta name=\"robots\" content=\"index, follow, max-snippet:-1, max-image-preview:large, max-video-preview:-1\" \/>\n<link rel=\"canonical\" href=\"https:\/\/www.bosstimerkovo.cz\/de\/kontakt\/\" \/>\n<meta property=\"og:locale\" content=\"de_DE\" \/>\n<meta property=\"og:type\" content=\"article\" \/>\n<meta property=\"og:title\" content=\"Kontakt - BossTimer - Divize kovov\u00fdroby\" \/>\n<meta property=\"og:description\" content=\"Rechnungsadresse Adresse: BOSS TIMER, spol. s r.o. Holzova 2887\/10b 628 00 Brno - L\u00ed\u0161e\u0148 Firmen ID: 25339923 Steuernummer: CZ25339923 Kontakte Telefon:\" \/>\n<meta property=\"og:url\" content=\"https:\/\/www.bosstimerkovo.cz\/de\/kontakt\/\" \/>\n<meta property=\"og:site_name\" content=\"BossTimer - Divize kovov\u00fdroby\" \/>\n<meta property=\"article:modified_time\" content=\"2026-02-26T06:51:34+00:00\" \/>\n<meta name=\"twitter:card\" content=\"summary_large_image\" \/>\n<meta name=\"twitter:label1\" content=\"Gesch\u00e4tzte Lesezeit\" \/>\n\t<meta name=\"twitter:data1\" content=\"1 minute\" \/>\n<script type=\"application\/ld+json\" class=\"yoast-schema-graph\">{\"@context\":\"https:\/\/schema.org\",\"@graph\":[{\"@type\":\"WebPage\",\"@id\":\"https:\/\/www.bosstimerkovo.cz\/de\/kontakt\/\",\"url\":\"https:\/\/www.bosstimerkovo.cz\/de\/kontakt\/\",\"name\":\"Kontakt - BossTimer - Divize kovov\u00fdroby\",\"isPartOf\":{\"@id\":\"https:\/\/www.bosstimerkovo.cz\/#website\"},\"datePublished\":\"2016-12-29T09:26:37+00:00\",\"dateModified\":\"2026-02-26T06:51:34+00:00\",\"description\":\"Rechnungsadresse Adresse: BOSS TIMER, spol. s r.o. Holzova 2887\/10b 628 00 Brno - L\u00ed\u0161e\u0148 Firmen ID: 25339923 Steuernummer: CZ25339923 Kontakte Telefon:\",\"breadcrumb\":{\"@id\":\"https:\/\/www.bosstimerkovo.cz\/de\/kontakt\/#breadcrumb\"},\"inLanguage\":\"de-DE\",\"potentialAction\":[{\"@type\":\"ReadAction\",\"target\":[\"https:\/\/www.bosstimerkovo.cz\/de\/kontakt\/\"]}]},{\"@type\":\"BreadcrumbList\",\"@id\":\"https:\/\/www.bosstimerkovo.cz\/de\/kontakt\/#breadcrumb\",\"itemListElement\":[{\"@type\":\"ListItem\",\"position\":1,\"name\":\"\u00davod\",\"item\":\"https:\/\/www.bosstimerkovo.cz\/de\/\"},{\"@type\":\"ListItem\",\"position\":2,\"name\":\"Kontakt\"}]},{\"@type\":\"WebSite\",\"@id\":\"https:\/\/www.bosstimerkovo.cz\/#website\",\"url\":\"https:\/\/www.bosstimerkovo.cz\/\",\"name\":\"BossTimer - Divize kovov\u00fdroby\",\"description\":\"Zak\u00e1zkov\u00e1 a s\u00e9riov\u00e1 kovov\u00fdroba\",\"potentialAction\":[{\"@type\":\"SearchAction\",\"target\":{\"@type\":\"EntryPoint\",\"urlTemplate\":\"https:\/\/www.bosstimerkovo.cz\/?s={search_term_string}\"},\"query-input\":\"required name=search_term_string\"}],\"inLanguage\":\"de-DE\"}]}<\/script>\n<!-- \/ Yoast SEO plugin. -->","yoast_head_json":{"title":"Kontakt - BossTimer - Divize kovov\u00fdroby","description":"Rechnungsadresse Adresse: BOSS TIMER, spol. s r.o. Holzova 2887\/10b 628 00 Brno - L\u00ed\u0161e\u0148 Firmen ID: 25339923 Steuernummer: CZ25339923 Kontakte Telefon:","robots":{"index":"index","follow":"follow","max-snippet":"max-snippet:-1","max-image-preview":"max-image-preview:large","max-video-preview":"max-video-preview:-1"},"canonical":"https:\/\/www.bosstimerkovo.cz\/de\/kontakt\/","og_locale":"de_DE","og_type":"article","og_title":"Kontakt - BossTimer - Divize kovov\u00fdroby","og_description":"Rechnungsadresse Adresse: BOSS TIMER, spol. s r.o. Holzova 2887\/10b 628 00 Brno - L\u00ed\u0161e\u0148 Firmen ID: 25339923 Steuernummer: CZ25339923 Kontakte Telefon:","og_url":"https:\/\/www.bosstimerkovo.cz\/de\/kontakt\/","og_site_name":"BossTimer - Divize kovov\u00fdroby","article_modified_time":"2026-02-26T06:51:34+00:00","twitter_card":"summary_large_image","twitter_misc":{"Gesch\u00e4tzte Lesezeit":"1 minute"},"schema":{"@context":"https:\/\/schema.org","@graph":[{"@type":"WebPage","@id":"https:\/\/www.bosstimerkovo.cz\/de\/kontakt\/","url":"https:\/\/www.bosstimerkovo.cz\/de\/kontakt\/","name":"Kontakt - BossTimer - Divize kovov\u00fdroby","isPartOf":{"@id":"https:\/\/www.bosstimerkovo.cz\/#website"},"datePublished":"2016-12-29T09:26:37+00:00","dateModified":"2026-02-26T06:51:34+00:00","description":"Rechnungsadresse Adresse: BOSS TIMER, spol. s r.o. Holzova 2887\/10b 628 00 Brno - L\u00ed\u0161e\u0148 Firmen ID: 25339923 Steuernummer: CZ25339923 Kontakte Telefon:","breadcrumb":{"@id":"https:\/\/www.bosstimerkovo.cz\/de\/kontakt\/#breadcrumb"},"inLanguage":"de-DE","potentialAction":[{"@type":"ReadAction","target":["https:\/\/www.bosstimerkovo.cz\/de\/kontakt\/"]}]},{"@type":"BreadcrumbList","@id":"https:\/\/www.bosstimerkovo.cz\/de\/kontakt\/#breadcrumb","itemListElement":[{"@type":"ListItem","position":1,"name":"\u00davod","item":"https:\/\/www.bosstimerkovo.cz\/de\/"},{"@type":"ListItem","position":2,"name":"Kontakt"}]},{"@type":"WebSite","@id":"https:\/\/www.bosstimerkovo.cz\/#website","url":"https:\/\/www.bosstimerkovo.cz\/","name":"BossTimer - Divize kovov\u00fdroby","description":"Zak\u00e1zkov\u00e1 a s\u00e9riov\u00e1 kovov\u00fdroba","potentialAction":[{"@type":"SearchAction","target":{"@type":"EntryPoint","urlTemplate":"https:\/\/www.bosstimerkovo.cz\/?s={search_term_string}"},"query-input":"required name=search_term_string"}],"inLanguage":"de-DE"}]}},"_links":{"self":[{"href":"https:\/\/www.bosstimerkovo.cz\/de\/wp-json\/wp\/v2\/pages\/661","targetHints":{"allow":["GET"]}}],"collection":[{"href":"https:\/\/www.bosstimerkovo.cz\/de\/wp-json\/wp\/v2\/pages"}],"about":[{"href":"https:\/\/www.bosstimerkovo.cz\/de\/wp-json\/wp\/v2\/types\/page"}],"author":[{"embeddable":true,"href":"https:\/\/www.bosstimerkovo.cz\/de\/wp-json\/wp\/v2\/users\/1"}],"replies":[{"embeddable":true,"href":"https:\/\/www.bosstimerkovo.cz\/de\/wp-json\/wp\/v2\/comments?post=661"}],"version-history":[{"count":5,"href":"https:\/\/www.bosstimerkovo.cz\/de\/wp-json\/wp\/v2\/pages\/661\/revisions"}],"predecessor-version":[{"id":1523,"href":"https:\/\/www.bosstimerkovo.cz\/de\/wp-json\/wp\/v2\/pages\/661\/revisions\/1523"}],"wp:attachment":[{"href":"https:\/\/www.bosstimerkovo.cz\/de\/wp-json\/wp\/v2\/media?parent=661"}],"curies":[{"name":"wp","href":"https:\/\/api.w.org\/{rel}","templated":true}]}}